{"id":2049,"date":"2025-02-19T09:56:18","date_gmt":"2025-02-19T07:56:18","guid":{"rendered":"https:\/\/boothurengiethoorn.nl\/giethoorn\/"},"modified":"2026-03-01T16:13:57","modified_gmt":"2026-03-01T14:13:57","slug":"giethoorn","status":"publish","type":"page","link":"https:\/\/boothurengiethoorn.nl\/de\/giethoorn\/","title":{"rendered":"Giethoorn"},"content":{"rendered":"<p><strong>Giethoorn ist ein wundersch\u00f6nes Dorf in der Region Kop van Overijssel.<\/strong><br \/>\nEs liegt zwischen Steenwijk und Meppel und hat etwa 2.600 Einwohner. Giethoorn wurde durch seine vielen Br\u00fccken, Wasserwege und traditionellen Punterboote bekannt. Aufgrund seines besonderen Charakters wird Giethoorn auch das \u201eVenedig des Nordens\u201c oder \u201eHoll\u00e4ndische Venedig\u201c genannt. F\u00fcr Touristen ist Giethoorn ein einzigartiges Reiseziel voller Charme, Ruhe und Sehensw\u00fcrdigkeiten.<\/p>\n<h2>Die Entstehung von Giethoorn<\/h2>\n<p>Die vielen Br\u00fccken, Wasserwege und Punter in Giethoorn sind eine direkte Folge des Torfabbaus. Als die Zuiderzee \u00fcberflutete, f\u00fcllten sich die ausgegrabenen Torfgruben mit Wasser, wodurch die heutigen Seen und Weiher entstanden. Um den Torf zu transportieren, wurden Kan\u00e4le und Gr\u00e4ben angelegt. Dadurch stehen viele H\u00e4user in Giethoorn auf kleinen Inseln, die meist nur \u00fcber Br\u00fccken erreichbar sind.<\/p>\n<p>Giethoorn wurde zur ersten Torfkolonie der Niederlande. Sie entstand durch die Flagellanten, eine Gruppe, die sich um das Jahr 1200 in diesem Gebiet niederlie\u00df. W\u00e4hrend des Torfabbaus fand man zahlreiche Geh\u00f6rne von Ziegen, weshalb das Dorf urspr\u00fcnglich <strong>Geythorn<\/strong> genannt wurde. Im Laufe der Zeit entwickelte sich dieser Name \u2013 durch den lokalen Dialekt \u2013 zu <em>Giethoorn<\/em>. Wir fanden den alten Namen so sch\u00f6n, dass wir unsere Cafeteria danach benannt haben.<\/p>\n<h2>Verkehr in Giethoorn<\/h2>\n<p>Heute findet der Gro\u00dfteil des Verkehrs in Giethoorn auf dem Wasser statt. Das typische Verkehrsmittel ist ein Elektro-Fl\u00fcsterboot oder ein traditioneller<br \/>\n<a title=\"Punter\" href=\"\/punteren-giethoorn\">Punter<\/a>, \u00e4hnlich wie die Boote im italienischen Venedig. Ein traditioneller Punter besteht aus Eichenholz und wird mit einer Punterstange \u2013 einem langen Holzstab \u2013 fortbewegt. Fr\u00fcher war der Punter das einfachste Transportmittel f\u00fcr Heu und Vieh.<\/p>\n<p>Entlang der bekannten Dorfgracht verl\u00e4uft ein Fahrrad- und Wanderweg. Im alten Teil des Dorfes sind Autos nicht erlaubt, was die ruhige und authentische Atmosph\u00e4re von Giethoorn bewahrt.<\/p>\n","protected":false},"excerpt":{"rendered":"<div class=\"-mb-10 md:-mb-20\"><p>Giethoorn ist ein wundersch\u00f6nes Dorf in der Region Kop van Overijssel. Es liegt zwischen Steenwijk und Meppel und hat etwa 2.600 Einwohner. Giethoorn wurde durch seine vielen Br\u00fccken, Wasserwege und traditionellen Punterboote bekannt. Aufgrund seines besonderen Charakters wird Giethoorn auch das \u201eVenedig des Nordens\u201c oder \u201eHoll\u00e4ndische Venedig\u201c genannt. F\u00fcr Touristen ist Giethoorn ein einzigartiges Reiseziel [&hellip;]<\/p>\n<\/div>","protected":false},"author":1,"featured_media":0,"parent":0,"menu_order":0,"comment_status":"closed","ping_status":"closed","template":"","meta":{"_acf_changed":false,"footnotes":""},"class_list":["post-2049","page","type-page","status-publish","hentry"],"acf":[],"yoast_head":"<!-- This site is optimized with the Yoast SEO plugin v27.5 - https:\/\/yoast.com\/product\/yoast-seo-wordpress\/ -->\n<title>Giethoorn - Boothuren Giethoorn | Fluisterboot &amp; Sloep Huren in Giethoorn Noord &amp; Midden | Old Giethoorn<\/title>\n<meta name=\"description\" content=\"Giethoorn ist ein wundersch\u00f6nes Dorf in der Region Kop van Overijssel.Es liegt zwischen Steenwijk und Meppel und hat etwa 2.600 Einwohner\" \/>\n<meta name=\"robots\" content=\"index, follow, max-snippet:-1, max-image-preview:large, max-video-preview:-1\" \/>\n<link rel=\"canonical\" href=\"https:\/\/boothurengiethoorn.nl\/de\/giethoorn\/\" \/>\n<meta property=\"og:locale\" content=\"de_DE\" \/>\n<meta property=\"og:type\" content=\"article\" \/>\n<meta property=\"og:title\" content=\"Giethoorn - Boothuren Giethoorn | Fluisterboot &amp; Sloep Huren in Giethoorn Noord &amp; Midden | Old Giethoorn\" \/>\n<meta property=\"og:description\" content=\"Giethoorn ist ein wundersch\u00f6nes Dorf in der Region Kop van Overijssel.Es liegt zwischen Steenwijk und Meppel und hat etwa 2.600 Einwohner\" \/>\n<meta property=\"og:url\" content=\"https:\/\/boothurengiethoorn.nl\/de\/giethoorn\/\" \/>\n<meta property=\"og:site_name\" content=\"Boothuren Giethoorn | Fluisterboot &amp; Sloep Huren in Giethoorn Noord &amp; Midden | Old Giethoorn\" \/>\n<meta property=\"article:modified_time\" content=\"2026-03-01T14:13:57+00:00\" \/>\n<meta name=\"twitter:card\" content=\"summary_large_image\" \/>\n<meta name=\"twitter:label1\" content=\"Gesch\u00e4tzte Lesezeit\" \/>\n\t<meta name=\"twitter:data1\" content=\"2\u00a0Minuten\" \/>\n<script type=\"application\/ld+json\" class=\"yoast-schema-graph\">{\"@context\":\"https:\\\/\\\/schema.org\",\"@graph\":[{\"@type\":\"WebPage\",\"@id\":\"https:\\\/\\\/boothurengiethoorn.nl\\\/de\\\/giethoorn\\\/\",\"url\":\"https:\\\/\\\/boothurengiethoorn.nl\\\/de\\\/giethoorn\\\/\",\"name\":\"Giethoorn - Boothuren Giethoorn | Fluisterboot &amp; Sloep Huren in Giethoorn Noord &amp; Midden | Old Giethoorn\",\"isPartOf\":{\"@id\":\"https:\\\/\\\/boothurengiethoorn.nl\\\/de\\\/#website\"},\"datePublished\":\"2025-02-19T07:56:18+00:00\",\"dateModified\":\"2026-03-01T14:13:57+00:00\",\"description\":\"Giethoorn ist ein wundersch\u00f6nes Dorf in der Region Kop van Overijssel.Es liegt zwischen Steenwijk und Meppel und hat etwa 2.600 Einwohner\",\"breadcrumb\":{\"@id\":\"https:\\\/\\\/boothurengiethoorn.nl\\\/de\\\/giethoorn\\\/#breadcrumb\"},\"inLanguage\":\"de\",\"potentialAction\":[{\"@type\":\"ReadAction\",\"target\":[\"https:\\\/\\\/boothurengiethoorn.nl\\\/de\\\/giethoorn\\\/\"]}]},{\"@type\":\"BreadcrumbList\",\"@id\":\"https:\\\/\\\/boothurengiethoorn.nl\\\/de\\\/giethoorn\\\/#breadcrumb\",\"itemListElement\":[{\"@type\":\"ListItem\",\"position\":1,\"name\":\"Home\",\"item\":\"https:\\\/\\\/boothurengiethoorn.nl\\\/de\\\/\"},{\"@type\":\"ListItem\",\"position\":2,\"name\":\"Giethoorn\"}]},{\"@type\":\"WebSite\",\"@id\":\"https:\\\/\\\/boothurengiethoorn.nl\\\/de\\\/#website\",\"url\":\"https:\\\/\\\/boothurengiethoorn.nl\\\/de\\\/\",\"name\":\"Boothuren Giethoorn | Fluisterboot &amp; Sloep Huren in Giethoorn Noord &amp; Midden | Old Giethoorn\",\"description\":\"\",\"publisher\":{\"@id\":\"https:\\\/\\\/boothurengiethoorn.nl\\\/de\\\/#organization\"},\"potentialAction\":[{\"@type\":\"SearchAction\",\"target\":{\"@type\":\"EntryPoint\",\"urlTemplate\":\"https:\\\/\\\/boothurengiethoorn.nl\\\/de\\\/?s={search_term_string}\"},\"query-input\":{\"@type\":\"PropertyValueSpecification\",\"valueRequired\":true,\"valueName\":\"search_term_string\"}}],\"inLanguage\":\"de\"},{\"@type\":\"Organization\",\"@id\":\"https:\\\/\\\/boothurengiethoorn.nl\\\/de\\\/#organization\",\"name\":\"Boothuren Giethoorn | Fluisterboot &amp; Sloep Huren in Giethoorn Noord &amp; Midden | Old Giethoorn\",\"url\":\"https:\\\/\\\/boothurengiethoorn.nl\\\/de\\\/\",\"logo\":{\"@type\":\"ImageObject\",\"inLanguage\":\"de\",\"@id\":\"https:\\\/\\\/boothurengiethoorn.nl\\\/de\\\/#\\\/schema\\\/logo\\\/image\\\/\",\"url\":\"https:\\\/\\\/boothurengiethoorn.nl\\\/wp-content\\\/uploads\\\/2025\\\/01\\\/homebutton.svg\",\"contentUrl\":\"https:\\\/\\\/boothurengiethoorn.nl\\\/wp-content\\\/uploads\\\/2025\\\/01\\\/homebutton.svg\",\"caption\":\"Boothuren Giethoorn | Fluisterboot &amp; Sloep Huren in Giethoorn Noord &amp; Midden | Old Giethoorn\"},\"image\":{\"@id\":\"https:\\\/\\\/boothurengiethoorn.nl\\\/de\\\/#\\\/schema\\\/logo\\\/image\\\/\"}}]}<\/script>\n<!-- \/ Yoast SEO plugin. -->","yoast_head_json":{"title":"Giethoorn - Boothuren Giethoorn | Fluisterboot &amp; Sloep Huren in Giethoorn Noord &amp; Midden | Old Giethoorn","description":"Giethoorn ist ein wundersch\u00f6nes Dorf in der Region Kop van Overijssel.Es liegt zwischen Steenwijk und Meppel und hat etwa 2.600 Einwohner","robots":{"index":"index","follow":"follow","max-snippet":"max-snippet:-1","max-image-preview":"max-image-preview:large","max-video-preview":"max-video-preview:-1"},"canonical":"https:\/\/boothurengiethoorn.nl\/de\/giethoorn\/","og_locale":"de_DE","og_type":"article","og_title":"Giethoorn - Boothuren Giethoorn | Fluisterboot &amp; Sloep Huren in Giethoorn Noord &amp; Midden | Old Giethoorn","og_description":"Giethoorn ist ein wundersch\u00f6nes Dorf in der Region Kop van Overijssel.Es liegt zwischen Steenwijk und Meppel und hat etwa 2.600 Einwohner","og_url":"https:\/\/boothurengiethoorn.nl\/de\/giethoorn\/","og_site_name":"Boothuren Giethoorn | Fluisterboot &amp; Sloep Huren in Giethoorn Noord &amp; Midden | Old Giethoorn","article_modified_time":"2026-03-01T14:13:57+00:00","twitter_card":"summary_large_image","twitter_misc":{"Gesch\u00e4tzte Lesezeit":"2\u00a0Minuten"},"schema":{"@context":"https:\/\/schema.org","@graph":[{"@type":"WebPage","@id":"https:\/\/boothurengiethoorn.nl\/de\/giethoorn\/","url":"https:\/\/boothurengiethoorn.nl\/de\/giethoorn\/","name":"Giethoorn - Boothuren Giethoorn | Fluisterboot &amp; Sloep Huren in Giethoorn Noord &amp; Midden | Old Giethoorn","isPartOf":{"@id":"https:\/\/boothurengiethoorn.nl\/de\/#website"},"datePublished":"2025-02-19T07:56:18+00:00","dateModified":"2026-03-01T14:13:57+00:00","description":"Giethoorn ist ein wundersch\u00f6nes Dorf in der Region Kop van Overijssel.Es liegt zwischen Steenwijk und Meppel und hat etwa 2.600 Einwohner","breadcrumb":{"@id":"https:\/\/boothurengiethoorn.nl\/de\/giethoorn\/#breadcrumb"},"inLanguage":"de","potentialAction":[{"@type":"ReadAction","target":["https:\/\/boothurengiethoorn.nl\/de\/giethoorn\/"]}]},{"@type":"BreadcrumbList","@id":"https:\/\/boothurengiethoorn.nl\/de\/giethoorn\/#breadcrumb","itemListElement":[{"@type":"ListItem","position":1,"name":"Home","item":"https:\/\/boothurengiethoorn.nl\/de\/"},{"@type":"ListItem","position":2,"name":"Giethoorn"}]},{"@type":"WebSite","@id":"https:\/\/boothurengiethoorn.nl\/de\/#website","url":"https:\/\/boothurengiethoorn.nl\/de\/","name":"Boothuren Giethoorn | Fluisterboot &amp; Sloep Huren in Giethoorn Noord &amp; Midden | Old Giethoorn","description":"","publisher":{"@id":"https:\/\/boothurengiethoorn.nl\/de\/#organization"},"potentialAction":[{"@type":"SearchAction","target":{"@type":"EntryPoint","urlTemplate":"https:\/\/boothurengiethoorn.nl\/de\/?s={search_term_string}"},"query-input":{"@type":"PropertyValueSpecification","valueRequired":true,"valueName":"search_term_string"}}],"inLanguage":"de"},{"@type":"Organization","@id":"https:\/\/boothurengiethoorn.nl\/de\/#organization","name":"Boothuren Giethoorn | Fluisterboot &amp; Sloep Huren in Giethoorn Noord &amp; Midden | Old Giethoorn","url":"https:\/\/boothurengiethoorn.nl\/de\/","logo":{"@type":"ImageObject","inLanguage":"de","@id":"https:\/\/boothurengiethoorn.nl\/de\/#\/schema\/logo\/image\/","url":"https:\/\/boothurengiethoorn.nl\/wp-content\/uploads\/2025\/01\/homebutton.svg","contentUrl":"https:\/\/boothurengiethoorn.nl\/wp-content\/uploads\/2025\/01\/homebutton.svg","caption":"Boothuren Giethoorn | Fluisterboot &amp; Sloep Huren in Giethoorn Noord &amp; Midden | Old Giethoorn"},"image":{"@id":"https:\/\/boothurengiethoorn.nl\/de\/#\/schema\/logo\/image\/"}}]}},"_links":{"self":[{"href":"https:\/\/boothurengiethoorn.nl\/de\/wp-json\/wp\/v2\/pages\/2049","targetHints":{"allow":["GET"]}}],"collection":[{"href":"https:\/\/boothurengiethoorn.nl\/de\/wp-json\/wp\/v2\/pages"}],"about":[{"href":"https:\/\/boothurengiethoorn.nl\/de\/wp-json\/wp\/v2\/types\/page"}],"author":[{"embeddable":true,"href":"https:\/\/boothurengiethoorn.nl\/de\/wp-json\/wp\/v2\/users\/1"}],"replies":[{"embeddable":true,"href":"https:\/\/boothurengiethoorn.nl\/de\/wp-json\/wp\/v2\/comments?post=2049"}],"version-history":[{"count":4,"href":"https:\/\/boothurengiethoorn.nl\/de\/wp-json\/wp\/v2\/pages\/2049\/revisions"}],"predecessor-version":[{"id":2054,"href":"https:\/\/boothurengiethoorn.nl\/de\/wp-json\/wp\/v2\/pages\/2049\/revisions\/2054"}],"wp:attachment":[{"href":"https:\/\/boothurengiethoorn.nl\/de\/wp-json\/wp\/v2\/media?parent=2049"}],"curies":[{"name":"wp","href":"https:\/\/api.w.org\/{rel}","templated":true}]}}