{"id":2062,"date":"2025-02-19T08:38:09","date_gmt":"2025-02-19T06:38:09","guid":{"rendered":"https:\/\/boothurengiethoorn.nl\/?page_id=2062"},"modified":"2026-03-11T08:58:56","modified_gmt":"2026-03-11T06:58:56","slug":"uber-recreatiebedrijf-geythorn","status":"publish","type":"page","link":"https:\/\/boothurengiethoorn.nl\/de\/uber-recreatiebedrijf-geythorn\/","title":{"rendered":"\u00dcber Recreation Geythorn"},"content":{"rendered":"<p>Bei Recreation Company Geythorn k\u00f6nnen Sie verschiedene Arten von Booten mieten. Welche Boote wir vermieten, ist unten aufgef\u00fchrt: <\/p>\n<ul>\n<li><a href=\"https:\/\/boothurengiethoorn.nl\/fluisterboot-giethoorn\/fluisterboot-max-4-personen\">Fl\u00fcsterboot mieten f\u00fcr bis zu 4 Personen<\/a><\/li>\n<li><a href=\"https:\/\/boothurengiethoorn.nl\/fluisterboot-giethoorn\/fluisterboot-max-7-personen\">Fl\u00fcsterboot mieten f\u00fcr bis zu 7 Personen<\/a><\/li>\n<li><a href=\"https:\/\/boothurengiethoorn.nl\/sloep-max-5-personen\">Vermietung einer Schaluppe f\u00fcr bis zu 5 Personen<\/a><\/li>\n<li><a href=\"https:\/\/boothurengiethoorn.nl\/sloep-max-6-personen\">Vermietung einer Schaluppe f\u00fcr bis zu 6 Personen<\/a><\/li>\n<li><a href=\"https:\/\/boothurengiethoorn.nl\/kajak-1-persoon\">Kajak mieten<\/a><\/li>\n<li><a href=\"https:\/\/boothurengiethoorn.nl\/kano-canadese-2-3-personen\">Kanadischer Kanuverleih f\u00fcr 2 bis 3 Personen<\/a><\/li>\n<\/ul>\n<p>Haben Sie den Bootstyp gefunden, den Sie mieten m\u00f6chten? Dann w\u00e4hlen Sie das Datum und die gew\u00fcnschte Dauer und schlie\u00dfen Sie die Reservierung \u00fcber das Buchungsmodul ab. \u00dcberpr\u00fcfen Sie immer die Adresse auf der vorgenommenen Reservierung, da wir 2 Standorte nutzen: Geythorn und Brother. Sobald Sie an Ihrem Zielort angekommen sind, sprechen Sie mit einem Mitarbeiter und wir werden Ihnen so schnell wie m\u00f6glich weiterhelfen. Wir werden Ihnen die Route und das Boot erkl\u00e4ren und dann die Leinen losmachen, damit Sie einen sch\u00f6nen Tag auf dem Wasser genie\u00dfen k\u00f6nnen.    <\/p>\n<h2>Restaurant Geythorn<\/h2>\n<p>M\u00f6chten Sie sich nach Ihrer Kreuzfahrt entspannen? Dann kommen Sie auf einen Happen zu essen und ein Getr\u00e4nk in unserem <a href=\"https:\/\/www.boothurengiethoorn.nl\/restaurant-giethoorn\">Restaurant<\/a>. Sie werden es nicht gleich merken, aber Geythorn begann mit einem kleinen Imbisswagen, der von einem Picknickbereich umgeben war. Im Laufe der Zeit wurde die Cafeteria gebaut, so dass die G\u00e4ste auch drinnen Platz nehmen oder nach der Bootsfahrt ein Getr\u00e4nk und etwas zu essen genie\u00dfen konnten. Im Laufe der Jahre haben wir vielen G\u00e4sten geholfen, einen angenehmen Tag in Giethoorn zu verbringen. Dar\u00fcber hinaus ist Geythorn f\u00fcr viele junge Leute aus der Gegend das Unternehmen, bei dem sie ihren ersten Nebenjob gefunden haben. Und wir sind stolz darauf, dass die 2. Generation das Familienunternehmen \u00fcbernehmen wird, so dass wir bald auch Ihnen f\u00fcr einen unvergesslichen Tag in Giethoorn zur Verf\u00fcgung stehen k\u00f6nnen.      <\/p>\n<p>Werfen Sie einen kurzen Blick auf unsere <a href=\"https:\/\/www.boothurengiethoorn.nl\/menukaart\">Speisekarte<\/a>, um zu sehen, was wir anbieten.<\/p>\n<h2>Kontaktinformationen Geythorn<\/h2>\n<p>Bootsverleih Giethoorn<br \/>\nInnerer Weg 42<br \/>\n8355 BS Giethoorn<br \/>\n<a href=\"mailto:info@geythorn.nl\"><strong>info@geythorn.nl<\/strong><\/a><br \/>\n<a href=\"tel:+31521361954\">+31(0)521-361954<\/a><\/p>\n","protected":false},"excerpt":{"rendered":"<div class=\"-mb-10 md:-mb-20\"><p>Bei Recreation Company Geythorn k\u00f6nnen Sie verschiedene Arten von Booten mieten. Welche Boote wir vermieten, ist unten aufgef\u00fchrt: Fl\u00fcsterboot mieten f\u00fcr bis zu 4 Personen Fl\u00fcsterboot mieten f\u00fcr bis zu 7 Personen Vermietung einer Schaluppe f\u00fcr bis zu 5 Personen Vermietung einer Schaluppe f\u00fcr bis zu 6 Personen Kajak mieten Kanadischer Kanuverleih f\u00fcr 2 bis [&hellip;]<\/p>\n<\/div>","protected":false},"author":1,"featured_media":0,"parent":0,"menu_order":0,"comment_status":"closed","ping_status":"closed","template":"","meta":{"_acf_changed":false,"footnotes":""},"class_list":["post-2062","page","type-page","status-publish","hentry"],"acf":[],"yoast_head":"<!-- This site is optimized with the Yoast SEO plugin v27.5 - https:\/\/yoast.com\/product\/yoast-seo-wordpress\/ -->\n<title>\u00dcber Bootsverleih Geythorn - Boothurengiethoorn.nl<\/title>\n<meta name=\"description\" content=\"Lesen Sie mehr \u00fcber Bootsvermietung Geythorn und die M\u00f6glichkeiten der Bootsvermietung in Giethoorn.\" \/>\n<meta name=\"robots\" content=\"index, follow, max-snippet:-1, max-image-preview:large, max-video-preview:-1\" \/>\n<link rel=\"canonical\" href=\"https:\/\/boothurengiethoorn.nl\/de\/uber-recreatiebedrijf-geythorn\/\" \/>\n<meta property=\"og:locale\" content=\"de_DE\" \/>\n<meta property=\"og:type\" content=\"article\" \/>\n<meta property=\"og:title\" content=\"\u00dcber Bootsverleih Geythorn - Boothurengiethoorn.nl\" \/>\n<meta property=\"og:description\" content=\"Lesen Sie mehr \u00fcber Bootsvermietung Geythorn und die M\u00f6glichkeiten der Bootsvermietung in Giethoorn.\" \/>\n<meta property=\"og:url\" content=\"https:\/\/boothurengiethoorn.nl\/de\/uber-recreatiebedrijf-geythorn\/\" \/>\n<meta property=\"og:site_name\" content=\"Boothuren Giethoorn | Fluisterboot &amp; Sloep Huren in Giethoorn Noord &amp; Midden | Old Giethoorn\" \/>\n<meta property=\"article:modified_time\" content=\"2026-03-11T06:58:56+00:00\" \/>\n<meta name=\"twitter:card\" content=\"summary_large_image\" \/>\n<meta name=\"twitter:label1\" content=\"Gesch\u00e4tzte Lesezeit\" \/>\n\t<meta name=\"twitter:data1\" content=\"2\u00a0Minuten\" \/>\n<script type=\"application\/ld+json\" class=\"yoast-schema-graph\">{\"@context\":\"https:\\\/\\\/schema.org\",\"@graph\":[{\"@type\":\"WebPage\",\"@id\":\"https:\\\/\\\/boothurengiethoorn.nl\\\/de\\\/uber-recreatiebedrijf-geythorn\\\/\",\"url\":\"https:\\\/\\\/boothurengiethoorn.nl\\\/de\\\/uber-recreatiebedrijf-geythorn\\\/\",\"name\":\"\u00dcber Bootsverleih Geythorn - Boothurengiethoorn.nl\",\"isPartOf\":{\"@id\":\"https:\\\/\\\/boothurengiethoorn.nl\\\/de\\\/#website\"},\"datePublished\":\"2025-02-19T06:38:09+00:00\",\"dateModified\":\"2026-03-11T06:58:56+00:00\",\"description\":\"Lesen Sie mehr \u00fcber Bootsvermietung Geythorn und die M\u00f6glichkeiten der Bootsvermietung in Giethoorn.\",\"breadcrumb\":{\"@id\":\"https:\\\/\\\/boothurengiethoorn.nl\\\/de\\\/uber-recreatiebedrijf-geythorn\\\/#breadcrumb\"},\"inLanguage\":\"de\",\"potentialAction\":[{\"@type\":\"ReadAction\",\"target\":[\"https:\\\/\\\/boothurengiethoorn.nl\\\/de\\\/uber-recreatiebedrijf-geythorn\\\/\"]}]},{\"@type\":\"BreadcrumbList\",\"@id\":\"https:\\\/\\\/boothurengiethoorn.nl\\\/de\\\/uber-recreatiebedrijf-geythorn\\\/#breadcrumb\",\"itemListElement\":[{\"@type\":\"ListItem\",\"position\":1,\"name\":\"Home\",\"item\":\"https:\\\/\\\/boothurengiethoorn.nl\\\/de\\\/\"},{\"@type\":\"ListItem\",\"position\":2,\"name\":\"\u00dcber Recreation Geythorn\"}]},{\"@type\":\"WebSite\",\"@id\":\"https:\\\/\\\/boothurengiethoorn.nl\\\/de\\\/#website\",\"url\":\"https:\\\/\\\/boothurengiethoorn.nl\\\/de\\\/\",\"name\":\"Boothuren Giethoorn | Fluisterboot &amp; Sloep Huren in Giethoorn Noord &amp; Midden | Old Giethoorn\",\"description\":\"\",\"publisher\":{\"@id\":\"https:\\\/\\\/boothurengiethoorn.nl\\\/de\\\/#organization\"},\"potentialAction\":[{\"@type\":\"SearchAction\",\"target\":{\"@type\":\"EntryPoint\",\"urlTemplate\":\"https:\\\/\\\/boothurengiethoorn.nl\\\/de\\\/?s={search_term_string}\"},\"query-input\":{\"@type\":\"PropertyValueSpecification\",\"valueRequired\":true,\"valueName\":\"search_term_string\"}}],\"inLanguage\":\"de\"},{\"@type\":\"Organization\",\"@id\":\"https:\\\/\\\/boothurengiethoorn.nl\\\/de\\\/#organization\",\"name\":\"Boothuren Giethoorn | Fluisterboot &amp; Sloep Huren in Giethoorn Noord &amp; Midden | Old Giethoorn\",\"url\":\"https:\\\/\\\/boothurengiethoorn.nl\\\/de\\\/\",\"logo\":{\"@type\":\"ImageObject\",\"inLanguage\":\"de\",\"@id\":\"https:\\\/\\\/boothurengiethoorn.nl\\\/de\\\/#\\\/schema\\\/logo\\\/image\\\/\",\"url\":\"https:\\\/\\\/boothurengiethoorn.nl\\\/wp-content\\\/uploads\\\/2025\\\/01\\\/homebutton.svg\",\"contentUrl\":\"https:\\\/\\\/boothurengiethoorn.nl\\\/wp-content\\\/uploads\\\/2025\\\/01\\\/homebutton.svg\",\"caption\":\"Boothuren Giethoorn | Fluisterboot &amp; Sloep Huren in Giethoorn Noord &amp; Midden | Old Giethoorn\"},\"image\":{\"@id\":\"https:\\\/\\\/boothurengiethoorn.nl\\\/de\\\/#\\\/schema\\\/logo\\\/image\\\/\"}}]}<\/script>\n<!-- \/ Yoast SEO plugin. -->","yoast_head_json":{"title":"\u00dcber Bootsverleih Geythorn - Boothurengiethoorn.nl","description":"Lesen Sie mehr \u00fcber Bootsvermietung Geythorn und die M\u00f6glichkeiten der Bootsvermietung in Giethoorn.","robots":{"index":"index","follow":"follow","max-snippet":"max-snippet:-1","max-image-preview":"max-image-preview:large","max-video-preview":"max-video-preview:-1"},"canonical":"https:\/\/boothurengiethoorn.nl\/de\/uber-recreatiebedrijf-geythorn\/","og_locale":"de_DE","og_type":"article","og_title":"\u00dcber Bootsverleih Geythorn - Boothurengiethoorn.nl","og_description":"Lesen Sie mehr \u00fcber Bootsvermietung Geythorn und die M\u00f6glichkeiten der Bootsvermietung in Giethoorn.","og_url":"https:\/\/boothurengiethoorn.nl\/de\/uber-recreatiebedrijf-geythorn\/","og_site_name":"Boothuren Giethoorn | Fluisterboot &amp; Sloep Huren in Giethoorn Noord &amp; Midden | Old Giethoorn","article_modified_time":"2026-03-11T06:58:56+00:00","twitter_card":"summary_large_image","twitter_misc":{"Gesch\u00e4tzte Lesezeit":"2\u00a0Minuten"},"schema":{"@context":"https:\/\/schema.org","@graph":[{"@type":"WebPage","@id":"https:\/\/boothurengiethoorn.nl\/de\/uber-recreatiebedrijf-geythorn\/","url":"https:\/\/boothurengiethoorn.nl\/de\/uber-recreatiebedrijf-geythorn\/","name":"\u00dcber Bootsverleih Geythorn - Boothurengiethoorn.nl","isPartOf":{"@id":"https:\/\/boothurengiethoorn.nl\/de\/#website"},"datePublished":"2025-02-19T06:38:09+00:00","dateModified":"2026-03-11T06:58:56+00:00","description":"Lesen Sie mehr \u00fcber Bootsvermietung Geythorn und die M\u00f6glichkeiten der Bootsvermietung in Giethoorn.","breadcrumb":{"@id":"https:\/\/boothurengiethoorn.nl\/de\/uber-recreatiebedrijf-geythorn\/#breadcrumb"},"inLanguage":"de","potentialAction":[{"@type":"ReadAction","target":["https:\/\/boothurengiethoorn.nl\/de\/uber-recreatiebedrijf-geythorn\/"]}]},{"@type":"BreadcrumbList","@id":"https:\/\/boothurengiethoorn.nl\/de\/uber-recreatiebedrijf-geythorn\/#breadcrumb","itemListElement":[{"@type":"ListItem","position":1,"name":"Home","item":"https:\/\/boothurengiethoorn.nl\/de\/"},{"@type":"ListItem","position":2,"name":"\u00dcber Recreation Geythorn"}]},{"@type":"WebSite","@id":"https:\/\/boothurengiethoorn.nl\/de\/#website","url":"https:\/\/boothurengiethoorn.nl\/de\/","name":"Boothuren Giethoorn | Fluisterboot &amp; Sloep Huren in Giethoorn Noord &amp; Midden | Old Giethoorn","description":"","publisher":{"@id":"https:\/\/boothurengiethoorn.nl\/de\/#organization"},"potentialAction":[{"@type":"SearchAction","target":{"@type":"EntryPoint","urlTemplate":"https:\/\/boothurengiethoorn.nl\/de\/?s={search_term_string}"},"query-input":{"@type":"PropertyValueSpecification","valueRequired":true,"valueName":"search_term_string"}}],"inLanguage":"de"},{"@type":"Organization","@id":"https:\/\/boothurengiethoorn.nl\/de\/#organization","name":"Boothuren Giethoorn | Fluisterboot &amp; Sloep Huren in Giethoorn Noord &amp; Midden | Old Giethoorn","url":"https:\/\/boothurengiethoorn.nl\/de\/","logo":{"@type":"ImageObject","inLanguage":"de","@id":"https:\/\/boothurengiethoorn.nl\/de\/#\/schema\/logo\/image\/","url":"https:\/\/boothurengiethoorn.nl\/wp-content\/uploads\/2025\/01\/homebutton.svg","contentUrl":"https:\/\/boothurengiethoorn.nl\/wp-content\/uploads\/2025\/01\/homebutton.svg","caption":"Boothuren Giethoorn | Fluisterboot &amp; Sloep Huren in Giethoorn Noord &amp; Midden | Old Giethoorn"},"image":{"@id":"https:\/\/boothurengiethoorn.nl\/de\/#\/schema\/logo\/image\/"}}]}},"_links":{"self":[{"href":"https:\/\/boothurengiethoorn.nl\/de\/wp-json\/wp\/v2\/pages\/2062","targetHints":{"allow":["GET"]}}],"collection":[{"href":"https:\/\/boothurengiethoorn.nl\/de\/wp-json\/wp\/v2\/pages"}],"about":[{"href":"https:\/\/boothurengiethoorn.nl\/de\/wp-json\/wp\/v2\/types\/page"}],"author":[{"embeddable":true,"href":"https:\/\/boothurengiethoorn.nl\/de\/wp-json\/wp\/v2\/users\/1"}],"replies":[{"embeddable":true,"href":"https:\/\/boothurengiethoorn.nl\/de\/wp-json\/wp\/v2\/comments?post=2062"}],"version-history":[{"count":5,"href":"https:\/\/boothurengiethoorn.nl\/de\/wp-json\/wp\/v2\/pages\/2062\/revisions"}],"predecessor-version":[{"id":2366,"href":"https:\/\/boothurengiethoorn.nl\/de\/wp-json\/wp\/v2\/pages\/2062\/revisions\/2366"}],"wp:attachment":[{"href":"https:\/\/boothurengiethoorn.nl\/de\/wp-json\/wp\/v2\/media?parent=2062"}],"curies":[{"name":"wp","href":"https:\/\/api.w.org\/{rel}","templated":true}]}}