{"id":2071,"date":"2025-02-19T09:17:38","date_gmt":"2025-02-19T07:17:38","guid":{"rendered":"https:\/\/boothurengiethoorn.nl\/?page_id=2071"},"modified":"2026-03-01T17:30:08","modified_gmt":"2026-03-01T15:30:08","slug":"uber-broer-bootsverleih","status":"publish","type":"page","link":"https:\/\/boothurengiethoorn.nl\/de\/uber-broer-bootsverleih\/","title":{"rendered":"Uber Broer Bootsverleih"},"content":{"rendered":"<p><strong>Broer Bootsverleih befindet sich im Zentrum von :contentReference[oaicite:1]{index=1}.<\/strong><br \/>\nAn diesem einzigartigen Standort steht unsere traditionelle Bootsschuppen mit authentischen (Segel-)Puntern. Von \u201ePfahl 2\u201c, der Smitsvaart, k\u00f6nnen Sie direkt auf den See hinausfahren, um die Segel zu setzen. Neben unseren Puntern bieten wir auch Fl\u00fcsterboote und Sloepen an, um Giethoorn und die Umgebung zu erkunden.<\/p>\n<p>Bei Broer Bootsverleih k\u00f6nnen Sie folgende Boote mieten:<\/p>\n<ul>\n<li><a href=\"https:\/\/boothurengiethoorn.nl\/fluisterboot-giethoorn\/fluisterboot-max-4-personen-broer\">Fl\u00fcsterboot f\u00fcr bis zu 4 Personen mieten<\/a><\/li>\n<li><a href=\"https:\/\/boothurengiethoorn.nl\/fluisterboot-giethoorn\/fluisterboot-max-7-personen-broer\">Fl\u00fcsterboot f\u00fcr bis zu 7 Personen mieten<\/a><\/li>\n<li><a href=\"https:\/\/boothurengiethoorn.nl\/punter-max-6-personen\">Punter f\u00fcr bis zu 6 Personen mieten<\/a><\/li>\n<li><a href=\"https:\/\/boothurengiethoorn.nl\/zeilpunter-max-4-personen\">Segelpunter f\u00fcr bis zu 4 Personen mieten<\/a><\/li>\n<li><a href=\"https:\/\/boothurengiethoorn.nl\/kajak-1-persoon-broer\">Kajak mieten<\/a><\/li>\n<li><a href=\"https:\/\/boothurengiethoorn.nl\/kano-huren-broer-botenverhuur\">Kanu mieten<\/a><\/li>\n<\/ul>\n<p>Haben Sie das richtige Boot gefunden? Super! Dann k\u00f6nnen Sie jetzt mit der Reservierung fortfahren, indem Sie das gew\u00fcnschte Datum und Zeitfenster ausw\u00e4hlen. Schlie\u00dfen Sie die Buchung \u00fcber unser praktisches Reservierungssystem ab.<br \/>\nBitte \u00fcberpr\u00fcfen Sie vor dem Abschluss der Reservierung immer die angegebene Adresse \u2013 es ist n\u00e4mlich auch m\u00f6glich, bei unserem anderen Standort zu buchen:<br \/>\n<a href=\"https:\/\/boothurengiethoorn.nl\/over-geythoren\">Bootsverleih Geythorn<\/a>.<\/p>\n<h2>Kontakt \u2013 Broer<\/h2>\n<p><strong>Broer Bootsverleih<\/strong><br \/>\nBinnenpad 16<br \/>\n8355 BR Giethoorn<br \/>\n<a href=\"mailto:info@geythorn.nl\"><strong>info@geythorn.nl<\/strong><\/a><br \/>\n<a href=\"tel:+31521-361337\">+31 (0)521 &#8211; 361337<\/a><\/p>\n","protected":false},"excerpt":{"rendered":"<div class=\"-mb-10 md:-mb-20\"><p>Broer Bootsverleih befindet sich im Zentrum von :contentReference[oaicite:1]{index=1}. An diesem einzigartigen Standort steht unsere traditionelle Bootsschuppen mit authentischen (Segel-)Puntern. Von \u201ePfahl 2\u201c, der Smitsvaart, k\u00f6nnen Sie direkt auf den See hinausfahren, um die Segel zu setzen. Neben unseren Puntern bieten wir auch Fl\u00fcsterboote und Sloepen an, um Giethoorn und die Umgebung zu erkunden. Bei Broer [&hellip;]<\/p>\n<\/div>","protected":false},"author":2,"featured_media":0,"parent":0,"menu_order":0,"comment_status":"closed","ping_status":"closed","template":"","meta":{"_acf_changed":false,"footnotes":""},"class_list":["post-2071","page","type-page","status-publish","hentry"],"acf":[],"yoast_head":"<!-- This site is optimized with the Yoast SEO plugin v27.5 - https:\/\/yoast.com\/product\/yoast-seo-wordpress\/ -->\n<title>Uber Broer Bootsverleih - Boothuren Giethoorn | Fluisterboot &amp; Sloep Huren in Giethoorn Noord &amp; Midden | Old Giethoorn<\/title>\n<meta name=\"robots\" content=\"index, follow, max-snippet:-1, max-image-preview:large, max-video-preview:-1\" \/>\n<link rel=\"canonical\" href=\"https:\/\/boothurengiethoorn.nl\/de\/uber-broer-bootsverleih\/\" \/>\n<meta property=\"og:locale\" content=\"de_DE\" \/>\n<meta property=\"og:type\" content=\"article\" \/>\n<meta property=\"og:title\" content=\"Uber Broer Bootsverleih - Boothuren Giethoorn | Fluisterboot &amp; Sloep Huren in Giethoorn Noord &amp; Midden | Old Giethoorn\" \/>\n<meta property=\"og:description\" content=\"Broer Bootsverleih befindet sich im Zentrum von :contentReference[oaicite:1]{index=1}. An diesem einzigartigen Standort steht unsere traditionelle Bootsschuppen mit authentischen (Segel-)Puntern. Von \u201ePfahl 2\u201c, der Smitsvaart, k\u00f6nnen Sie direkt auf den See hinausfahren, um die Segel zu setzen. Neben unseren Puntern bieten wir auch Fl\u00fcsterboote und Sloepen an, um Giethoorn und die Umgebung zu erkunden. Bei Broer [&hellip;]\" \/>\n<meta property=\"og:url\" content=\"https:\/\/boothurengiethoorn.nl\/de\/uber-broer-bootsverleih\/\" \/>\n<meta property=\"og:site_name\" content=\"Boothuren Giethoorn | Fluisterboot &amp; Sloep Huren in Giethoorn Noord &amp; Midden | Old Giethoorn\" \/>\n<meta property=\"article:modified_time\" content=\"2026-03-01T15:30:08+00:00\" \/>\n<meta name=\"twitter:card\" content=\"summary_large_image\" \/>\n<script type=\"application\/ld+json\" class=\"yoast-schema-graph\">{\"@context\":\"https:\\\/\\\/schema.org\",\"@graph\":[{\"@type\":\"WebPage\",\"@id\":\"https:\\\/\\\/boothurengiethoorn.nl\\\/de\\\/uber-broer-bootsverleih\\\/\",\"url\":\"https:\\\/\\\/boothurengiethoorn.nl\\\/de\\\/uber-broer-bootsverleih\\\/\",\"name\":\"Uber Broer Bootsverleih - Boothuren Giethoorn | Fluisterboot &amp; Sloep Huren in Giethoorn Noord &amp; Midden | Old Giethoorn\",\"isPartOf\":{\"@id\":\"https:\\\/\\\/boothurengiethoorn.nl\\\/de\\\/#website\"},\"datePublished\":\"2025-02-19T07:17:38+00:00\",\"dateModified\":\"2026-03-01T15:30:08+00:00\",\"breadcrumb\":{\"@id\":\"https:\\\/\\\/boothurengiethoorn.nl\\\/de\\\/uber-broer-bootsverleih\\\/#breadcrumb\"},\"inLanguage\":\"de\",\"potentialAction\":[{\"@type\":\"ReadAction\",\"target\":[\"https:\\\/\\\/boothurengiethoorn.nl\\\/de\\\/uber-broer-bootsverleih\\\/\"]}]},{\"@type\":\"BreadcrumbList\",\"@id\":\"https:\\\/\\\/boothurengiethoorn.nl\\\/de\\\/uber-broer-bootsverleih\\\/#breadcrumb\",\"itemListElement\":[{\"@type\":\"ListItem\",\"position\":1,\"name\":\"Home\",\"item\":\"https:\\\/\\\/boothurengiethoorn.nl\\\/de\\\/\"},{\"@type\":\"ListItem\",\"position\":2,\"name\":\"Uber Broer Bootsverleih\"}]},{\"@type\":\"WebSite\",\"@id\":\"https:\\\/\\\/boothurengiethoorn.nl\\\/de\\\/#website\",\"url\":\"https:\\\/\\\/boothurengiethoorn.nl\\\/de\\\/\",\"name\":\"Boothuren Giethoorn | Fluisterboot &amp; Sloep Huren in Giethoorn Noord &amp; Midden | Old Giethoorn\",\"description\":\"\",\"publisher\":{\"@id\":\"https:\\\/\\\/boothurengiethoorn.nl\\\/de\\\/#organization\"},\"potentialAction\":[{\"@type\":\"SearchAction\",\"target\":{\"@type\":\"EntryPoint\",\"urlTemplate\":\"https:\\\/\\\/boothurengiethoorn.nl\\\/de\\\/?s={search_term_string}\"},\"query-input\":{\"@type\":\"PropertyValueSpecification\",\"valueRequired\":true,\"valueName\":\"search_term_string\"}}],\"inLanguage\":\"de\"},{\"@type\":\"Organization\",\"@id\":\"https:\\\/\\\/boothurengiethoorn.nl\\\/de\\\/#organization\",\"name\":\"Boothuren Giethoorn | Fluisterboot &amp; Sloep Huren in Giethoorn Noord &amp; Midden | Old Giethoorn\",\"url\":\"https:\\\/\\\/boothurengiethoorn.nl\\\/de\\\/\",\"logo\":{\"@type\":\"ImageObject\",\"inLanguage\":\"de\",\"@id\":\"https:\\\/\\\/boothurengiethoorn.nl\\\/de\\\/#\\\/schema\\\/logo\\\/image\\\/\",\"url\":\"https:\\\/\\\/boothurengiethoorn.nl\\\/wp-content\\\/uploads\\\/2025\\\/01\\\/homebutton.svg\",\"contentUrl\":\"https:\\\/\\\/boothurengiethoorn.nl\\\/wp-content\\\/uploads\\\/2025\\\/01\\\/homebutton.svg\",\"caption\":\"Boothuren Giethoorn | Fluisterboot &amp; Sloep Huren in Giethoorn Noord &amp; Midden | Old Giethoorn\"},\"image\":{\"@id\":\"https:\\\/\\\/boothurengiethoorn.nl\\\/de\\\/#\\\/schema\\\/logo\\\/image\\\/\"}}]}<\/script>\n<!-- \/ Yoast SEO plugin. -->","yoast_head_json":{"title":"Uber Broer Bootsverleih - Boothuren Giethoorn | Fluisterboot &amp; Sloep Huren in Giethoorn Noord &amp; Midden | Old Giethoorn","robots":{"index":"index","follow":"follow","max-snippet":"max-snippet:-1","max-image-preview":"max-image-preview:large","max-video-preview":"max-video-preview:-1"},"canonical":"https:\/\/boothurengiethoorn.nl\/de\/uber-broer-bootsverleih\/","og_locale":"de_DE","og_type":"article","og_title":"Uber Broer Bootsverleih - Boothuren Giethoorn | Fluisterboot &amp; Sloep Huren in Giethoorn Noord &amp; Midden | Old Giethoorn","og_description":"Broer Bootsverleih befindet sich im Zentrum von :contentReference[oaicite:1]{index=1}. An diesem einzigartigen Standort steht unsere traditionelle Bootsschuppen mit authentischen (Segel-)Puntern. Von \u201ePfahl 2\u201c, der Smitsvaart, k\u00f6nnen Sie direkt auf den See hinausfahren, um die Segel zu setzen. Neben unseren Puntern bieten wir auch Fl\u00fcsterboote und Sloepen an, um Giethoorn und die Umgebung zu erkunden. Bei Broer [&hellip;]","og_url":"https:\/\/boothurengiethoorn.nl\/de\/uber-broer-bootsverleih\/","og_site_name":"Boothuren Giethoorn | Fluisterboot &amp; Sloep Huren in Giethoorn Noord &amp; Midden | Old Giethoorn","article_modified_time":"2026-03-01T15:30:08+00:00","twitter_card":"summary_large_image","schema":{"@context":"https:\/\/schema.org","@graph":[{"@type":"WebPage","@id":"https:\/\/boothurengiethoorn.nl\/de\/uber-broer-bootsverleih\/","url":"https:\/\/boothurengiethoorn.nl\/de\/uber-broer-bootsverleih\/","name":"Uber Broer Bootsverleih - Boothuren Giethoorn | Fluisterboot &amp; Sloep Huren in Giethoorn Noord &amp; Midden | Old Giethoorn","isPartOf":{"@id":"https:\/\/boothurengiethoorn.nl\/de\/#website"},"datePublished":"2025-02-19T07:17:38+00:00","dateModified":"2026-03-01T15:30:08+00:00","breadcrumb":{"@id":"https:\/\/boothurengiethoorn.nl\/de\/uber-broer-bootsverleih\/#breadcrumb"},"inLanguage":"de","potentialAction":[{"@type":"ReadAction","target":["https:\/\/boothurengiethoorn.nl\/de\/uber-broer-bootsverleih\/"]}]},{"@type":"BreadcrumbList","@id":"https:\/\/boothurengiethoorn.nl\/de\/uber-broer-bootsverleih\/#breadcrumb","itemListElement":[{"@type":"ListItem","position":1,"name":"Home","item":"https:\/\/boothurengiethoorn.nl\/de\/"},{"@type":"ListItem","position":2,"name":"Uber Broer Bootsverleih"}]},{"@type":"WebSite","@id":"https:\/\/boothurengiethoorn.nl\/de\/#website","url":"https:\/\/boothurengiethoorn.nl\/de\/","name":"Boothuren Giethoorn | Fluisterboot &amp; Sloep Huren in Giethoorn Noord &amp; Midden | Old Giethoorn","description":"","publisher":{"@id":"https:\/\/boothurengiethoorn.nl\/de\/#organization"},"potentialAction":[{"@type":"SearchAction","target":{"@type":"EntryPoint","urlTemplate":"https:\/\/boothurengiethoorn.nl\/de\/?s={search_term_string}"},"query-input":{"@type":"PropertyValueSpecification","valueRequired":true,"valueName":"search_term_string"}}],"inLanguage":"de"},{"@type":"Organization","@id":"https:\/\/boothurengiethoorn.nl\/de\/#organization","name":"Boothuren Giethoorn | Fluisterboot &amp; Sloep Huren in Giethoorn Noord &amp; Midden | Old Giethoorn","url":"https:\/\/boothurengiethoorn.nl\/de\/","logo":{"@type":"ImageObject","inLanguage":"de","@id":"https:\/\/boothurengiethoorn.nl\/de\/#\/schema\/logo\/image\/","url":"https:\/\/boothurengiethoorn.nl\/wp-content\/uploads\/2025\/01\/homebutton.svg","contentUrl":"https:\/\/boothurengiethoorn.nl\/wp-content\/uploads\/2025\/01\/homebutton.svg","caption":"Boothuren Giethoorn | Fluisterboot &amp; Sloep Huren in Giethoorn Noord &amp; Midden | Old Giethoorn"},"image":{"@id":"https:\/\/boothurengiethoorn.nl\/de\/#\/schema\/logo\/image\/"}}]}},"_links":{"self":[{"href":"https:\/\/boothurengiethoorn.nl\/de\/wp-json\/wp\/v2\/pages\/2071","targetHints":{"allow":["GET"]}}],"collection":[{"href":"https:\/\/boothurengiethoorn.nl\/de\/wp-json\/wp\/v2\/pages"}],"about":[{"href":"https:\/\/boothurengiethoorn.nl\/de\/wp-json\/wp\/v2\/types\/page"}],"author":[{"embeddable":true,"href":"https:\/\/boothurengiethoorn.nl\/de\/wp-json\/wp\/v2\/users\/2"}],"replies":[{"embeddable":true,"href":"https:\/\/boothurengiethoorn.nl\/de\/wp-json\/wp\/v2\/comments?post=2071"}],"version-history":[{"count":1,"href":"https:\/\/boothurengiethoorn.nl\/de\/wp-json\/wp\/v2\/pages\/2071\/revisions"}],"predecessor-version":[{"id":2073,"href":"https:\/\/boothurengiethoorn.nl\/de\/wp-json\/wp\/v2\/pages\/2071\/revisions\/2073"}],"wp:attachment":[{"href":"https:\/\/boothurengiethoorn.nl\/de\/wp-json\/wp\/v2\/media?parent=2071"}],"curies":[{"name":"wp","href":"https:\/\/api.w.org\/{rel}","templated":true}]}}