{"id":2110,"date":"2020-05-22T14:40:07","date_gmt":"2020-05-22T12:40:07","guid":{"rendered":"https:\/\/boothurengiethoorn.nl\/?page_id=2110"},"modified":"2026-03-02T09:13:02","modified_gmt":"2026-03-02T07:13:02","slug":"allgemeine-geschaeftsbedingungen","status":"publish","type":"page","link":"https:\/\/boothurengiethoorn.nl\/de\/allgemeine-geschaeftsbedingungen\/","title":{"rendered":"Allgemeine Gesch\u00e4ftsbedingungen"},"content":{"rendered":"<h1>Allgemeine Gesch\u00e4ftsbedingungen (AGB)<\/h1>\n<p><strong>Inhaltsverzeichnis:<\/strong><\/p>\n<p>Artikel 1 \u2013 Definitionen<br \/>\nArtikel 2 \u2013 Identit\u00e4t des Unternehmers<br \/>\nArtikel 3 \u2013 Anwendbarkeit<br \/>\nArtikel 4 \u2013 Das Angebot<br \/>\nArtikel 5 \u2013 Der Vertrag<br \/>\nArtikel 6 \u2013 Widerrufsrecht<br \/>\nArtikel 7 \u2013 Pflichten des Verbrauchers w\u00e4hrend der Widerrufsfrist<br \/>\nArtikel 8 \u2013 Aus\u00fcbung des Widerrufsrechts und Kosten<br \/>\nArtikel 9 \u2013 Pflichten des Unternehmers beim Widerruf<br \/>\nArtikel 10 \u2013 Ausschluss des Widerrufsrechts<br \/>\nArtikel 11 \u2013 Der Preis<br \/>\nArtikel 12 \u2013 Vertragserf\u00fcllung und zus\u00e4tzliche Garantie<br \/>\nArtikel 13 \u2013 Lieferung und Ausf\u00fchrung<br \/>\nArtikel 14 \u2013 Dauerschuldverh\u00e4ltnisse: Laufzeit, K\u00fcndigung und Verl\u00e4ngerung<br \/>\nArtikel 15 \u2013 Zahlung<br \/>\nArtikel 16 \u2013 Beschwerdeverfahren<br \/>\nArtikel 17 \u2013 Streitigkeiten<br \/>\nArtikel 18 \u2013 Zus\u00e4tzliche oder abweichende Bestimmungen<br \/>\nArtikel 19 \u2013 Stornierung oder Umbuchung<\/p>\n<h2>Artikel 1 \u2013 Definitionen<\/h2>\n<p>In diesen Allgemeinen Gesch\u00e4ftsbedingungen bedeuten:<\/p>\n<ul>\n<li><strong>Erg\u00e4nzender Vertrag<\/strong>: Ein Vertrag, bei dem der Verbraucher Produkte, digitale Inhalte und\/oder Dienstleistungen im Zusammenhang mit einem Fernabsatzvertrag erwirbt und diese vom Unternehmer oder einem Dritten geliefert werden.<\/li>\n<li><strong>Widerrufsfrist<\/strong>: Die Frist, innerhalb der der Verbraucher sein Widerrufsrecht aus\u00fcben kann.<\/li>\n<li><strong>Verbraucher<\/strong>: Die nat\u00fcrliche Person, die nicht zu Zwecken handelt, die ihrer gewerblichen, gesch\u00e4ftlichen, handwerklichen oder beruflichen T\u00e4tigkeit zugerechnet werden k\u00f6nnen.<\/li>\n<li><strong>Tag<\/strong>: Kalendertag.<\/li>\n<li><strong>Digitale Inhalte<\/strong>: Daten, die in digitaler Form produziert und geliefert werden.<\/li>\n<li><strong>Dauerschuldverh\u00e4ltnis<\/strong>: Ein Vertrag, der die regelm\u00e4\u00dfige Lieferung von Waren, Dienstleistungen und\/oder digitalen Inhalten \u00fcber einen bestimmten Zeitraum vorsieht.<\/li>\n<li><strong>Dauerhafter Datentr\u00e4ger<\/strong>: Jedes Medium, das zur Speicherung pers\u00f6nlicher Informationen dient und eine unver\u00e4nderte Reproduktion erm\u00f6glicht.<\/li>\n<li><strong>Widerrufsrecht<\/strong>: Das Recht des Verbrauchers, innerhalb der Widerrufsfrist vom Fernabsatzvertrag zur\u00fcckzutreten.<\/li>\n<li><strong>Unternehmer<\/strong>: Die nat\u00fcrliche oder juristische Person, die dem Verbraucher Produkte, digitale Inhalte und\/oder Dienstleistungen im Fernabsatz anbietet.<\/li>\n<li><strong>Fernabsatzvertrag<\/strong>: Ein Vertrag, der ausschlie\u00dflich oder teilweise unter Verwendung von Fernkommunikationsmitteln geschlossen wird.<\/li>\n<li><strong>Muster-Widerrufsformular<\/strong>: Das in Anhang I enthaltene europ\u00e4ische Musterformular.<\/li>\n<li><strong>Fernkommunikationsmittel<\/strong>: Mittel, um einen Vertrag zu schlie\u00dfen, ohne dass Unternehmer und Verbraucher gleichzeitig anwesend sind.<\/li>\n<\/ul>\n<h2>Artikel 2 \u2013 Identit\u00e4t des Unternehmers<\/h2>\n<p><strong>Recreatiebedrijf Geythorn und Broer Botenverhuur<\/strong><br \/>\nBinnenpad 42 und 16<br \/>\n8355 Giethoorn<br \/>\nTelefon: 0521-361954 und 0521-361337<br \/>\nE-Mail: info@geythorn.nl<br \/>\nHandelskammernummer: 66464595<br \/>\nUSt-IdNr.: NL1952.35.708.B.02<\/p>\n<h2>Artikel 3 \u2013 Anwendbarkeit<\/h2>\n<ul>\n<li>Diese AGB gelten f\u00fcr jedes Angebot des Unternehmers und jeden Fernabsatzvertrag mit dem Verbraucher.<\/li>\n<li>Vor Vertragsschluss erh\u00e4lt der Verbraucher den Text dieser Bedingungen.<\/li>\n<li>Bei elektronischem Abschluss k\u00f6nnen die Bedingungen elektronisch zur Verf\u00fcgung gestellt werden.<\/li>\n<li>Bei zus\u00e4tzlichen Bedingungen gilt stets die f\u00fcr den Verbraucher g\u00fcnstigste Regelung.<\/li>\n<\/ul>\n<h2>Artikel 4 \u2013 Das Angebot<\/h2>\n<ul>\n<li>Wenn ein Angebot befristet oder bedingt ist, wird dies eindeutig angegeben.<\/li>\n<li>Das Angebot beschreibt Produkte, digitale Inhalte oder Dienstleistungen vollst\u00e4ndig und korrekt.<\/li>\n<li>Pflichten und Rechte des Verbrauchers m\u00fcssen klar ersichtlich sein.<\/li>\n<\/ul>\n<h2>Artikel 5 \u2013 Der Vertrag<\/h2>\n<ul>\n<li>Der Vertrag kommt zustande, wenn der Verbraucher das Angebot annimmt.<\/li>\n<li>Der Unternehmer best\u00e4tigt den Eingang einer elektronischen Annahme.<\/li>\n<li>Der Unternehmer sorgt f\u00fcr sichere Daten\u00fcbertragung.<\/li>\n<li>Der Unternehmer darf die Bonit\u00e4t des Verbrauchers pr\u00fcfen.<\/li>\n<li>Der Verbraucher erh\u00e4lt bei Lieferung u. a. Widerrufsinformationen, Garantieangaben und das Musterformular.<\/li>\n<\/ul>\n<h2>Artikel 6 \u2013 Widerrufsrecht<\/h2>\n<h3>F\u00fcr Produkte:<\/h3>\n<ul>\n<li>Widerruf innerhalb 14 Tagen ohne Angabe von Gr\u00fcnden.<\/li>\n<li>Fristbeginn: Tag nach Erhalt des Produkts bzw. der letzten Teillieferung.<\/li>\n<\/ul>\n<h3>F\u00fcr Dienstleistungen und digitale Inhalte:<\/h3>\n<ul>\n<li>Widerruf innerhalb 14 Tagen ab Vertragsschluss.<\/li>\n<\/ul>\n<h3>Verl\u00e4ngerte Frist:<\/h3>\n<ul>\n<li>Falls der Unternehmer keine gesetzlich vorgeschriebenen Infos bereitstellt: Verl\u00e4ngerung um 12 Monate.<\/li>\n<\/ul>\n<h2>Artikel 7 \u2013 Pflichten des Verbrauchers w\u00e4hrend der Widerrufsfrist<\/h2>\n<ul>\n<li>Sorgf\u00e4ltige Behandlung des Produkts.<\/li>\n<li>Wertersatz bei \u00fcberm\u00e4\u00dfiger Nutzung.<\/li>\n<li>Kein Wertersatz bei fehlenden Informationspflichten.<\/li>\n<\/ul>\n<h2>Artikel 8 \u2013 Aus\u00fcbung des Widerrufsrechts<\/h2>\n<ul>\n<li>Widerruf durch eindeutige Erkl\u00e4rung.<\/li>\n<li>R\u00fccksendung binnen 14 Tagen nach Erkl\u00e4rung.<\/li>\n<li>R\u00fccksendekosten tr\u00e4gt der Verbraucher, sofern nicht anders angegeben.<\/li>\n<li>Supplement\u00e4re Vertr\u00e4ge enden automatisch.<\/li>\n<\/ul>\n<h2>Artikel 9 \u2013 Pflichten des Unternehmers beim Widerruf<\/h2>\n<ul>\n<li>Elektronische Widerrufe m\u00fcssen best\u00e4tigt werden.<\/li>\n<li>R\u00fcckzahlung binnen 14 Tagen nach Widerruf.<\/li>\n<li>Gleiche Zahlungsmethode wie bei der Zahlung.<\/li>\n<li>Keine Erstattung von Premium-Versandkosten.<\/li>\n<\/ul>\n<h2>Artikel 10 \u2013 Ausschluss des Widerrufsrechts<\/h2>\n<ul>\n<li>Produkte mit Marktpreisschwankungen<\/li>\n<li>\u00d6ffentliche Auktionen<\/li>\n<li>Komplett erbrachte Dienstleistungen mit Zustimmung<\/li>\n<li>Ma\u00dfanfertigungen<\/li>\n<li>Schnell verderbliche Produkte<\/li>\n<li>Ge\u00f6ffnete Hygieneprodukte<\/li>\n<li>Untrennbar vermischte Produkte<\/li>\n<li>Alkohol mit sp\u00e4terer Lieferung<\/li>\n<li>Ge\u00f6ffnete Audio-\/Video-\/Softwareprodukte<\/li>\n<li>Zeitungen\/Zeitschriften (au\u00dfer Abonnements)<\/li>\n<li>Digitale Inhalte ohne Datentr\u00e4ger bei Zustimmung<\/li>\n<\/ul>\n<h2>Artikel 11 \u2013 Der Preis<\/h2>\n<ul>\n<li>Preise bleiben w\u00e4hrend Angebotsfrist stabil, au\u00dfer bei MwSt.-\u00c4nderungen.<\/li>\n<li>Variable Preise werden gekennzeichnet.<\/li>\n<li>Preiserh\u00f6hungen nach 3 Monaten nur mit K\u00fcndigungsrecht.<\/li>\n<li>Alle Preise inkl. MwSt.<\/li>\n<\/ul>\n<h2>Artikel 12 \u2013 Vertragserf\u00fcllung und zus\u00e4tzliche Garantie<\/h2>\n<ul>\n<li>Produkte m\u00fcssen vertraglich vereinbarten Spezifikationen entsprechen.<\/li>\n<li>Zusatzgarantien schr\u00e4nken gesetzliche Rechte nicht ein.<\/li>\n<\/ul>\n<h2>Artikel 13 \u2013 Lieferung und Ausf\u00fchrung<\/h2>\n<ul>\n<li>Sorgf\u00e4ltige Bearbeitung aller Bestellungen.<\/li>\n<li>Lieferung an die angegebene Adresse.<\/li>\n<li>Lieferfrist maximal 30 Tage, au\u00dfer anders vereinbart.<\/li>\n<li>Bei Verzug: R\u00fccktritt + R\u00fcckzahlung.<\/li>\n<\/ul>\n<h2>Artikel 14 \u2013 Dauerschuldverh\u00e4ltnisse<\/h2>\n<h3>K\u00fcndigung:<\/h3>\n<ul>\n<li>Unbefristete Vertr\u00e4ge: monatliche K\u00fcndigungsfrist.<\/li>\n<li>Befristete Vertr\u00e4ge: K\u00fcndigung zum Laufzeitende.<\/li>\n<\/ul>\n<h3>Verl\u00e4ngerung:<\/h3>\n<ul>\n<li>Keine stillschweigende Verl\u00e4ngerung.<\/li>\n<li>Ausnahme: Zeitungen max. 3 Monate.<\/li>\n<\/ul>\n<h3>Laufzeit:<\/h3>\n<ul>\n<li>Nach einem Jahr mit 1 Monat Frist k\u00fcndbar.<\/li>\n<\/ul>\n<h2>Artikel 15 \u2013 Zahlung<\/h2>\n<ul>\n<li>Zahlung innerhalb 14 Tage.<\/li>\n<li>Keine verpflichtende Vorauszahlung \u00fcber 50%.<\/li>\n<li>Verzug: Zinsen + Inkassokosten.<\/li>\n<\/ul>\n<h2>Artikel 16 \u2013 Beschwerdeverfahren<\/h2>\n<ul>\n<li>Beschwerden m\u00fcssen zeitnah eingereicht werden.<\/li>\n<li>Antwort innerhalb 14 Tagen.<\/li>\n<li>Nach 4 Wochen \u2192 Streitfall.<\/li>\n<\/ul>\n<h2>Artikel 17 \u2013 Streitigkeiten<\/h2>\n<p>Es gilt ausschlie\u00dflich niederl\u00e4ndisches Recht.<\/p>\n<h2>Artikel 18 \u2013 Zus\u00e4tzliche oder abweichende Bestimmungen<\/h2>\n<p>Diese m\u00fcssen schriftlich erfolgen und d\u00fcrfen den Verbraucher nicht benachteiligen.<\/p>\n<h2>Artikel 19 \u2013 Stornierung oder Umbuchung<\/h2>\n<ol>\n<li>Reservierte Boote k\u00f6nnen bis 1 Tag vor dem Termin f\u00fcr \u20ac10 storniert werden. Am selben Tag ist keine Stornierung m\u00f6glich.<\/li>\n<li>Umbuchung bis 1 Tag vorher kostenlos, sofern das Boot verf\u00fcgbar ist.<\/li>\n<\/ol>\n","protected":false},"excerpt":{"rendered":"<div class=\"-mb-10 md:-mb-20\"><p>Allgemeine Gesch\u00e4ftsbedingungen (AGB) Inhaltsverzeichnis: Artikel 1 \u2013 Definitionen Artikel 2 \u2013 Identit\u00e4t des Unternehmers Artikel 3 \u2013 Anwendbarkeit Artikel 4 \u2013 Das Angebot Artikel 5 \u2013 Der Vertrag Artikel 6 \u2013 Widerrufsrecht Artikel 7 \u2013 Pflichten des Verbrauchers w\u00e4hrend der Widerrufsfrist Artikel 8 \u2013 Aus\u00fcbung des Widerrufsrechts und Kosten Artikel 9 \u2013 Pflichten des Unternehmers [&hellip;]<\/p>\n<\/div>","protected":false},"author":2,"featured_media":0,"parent":0,"menu_order":0,"comment_status":"closed","ping_status":"closed","template":"","meta":{"_acf_changed":false,"footnotes":""},"class_list":["post-2110","page","type-page","status-publish","hentry"],"acf":[],"yoast_head":"<!-- This site is optimized with the Yoast SEO plugin v27.5 - https:\/\/yoast.com\/product\/yoast-seo-wordpress\/ -->\n<title>Allgemeine Gesch\u00e4ftsbedingungen - Boothuren Giethoorn | Fluisterboot &amp; Sloep Huren in Giethoorn Noord &amp; Midden | Old Giethoorn<\/title>\n<meta name=\"description\" content=\"Allgemeine Gesch\u00e4ftsbedingungen\" \/>\n<meta name=\"robots\" content=\"index, follow, max-snippet:-1, max-image-preview:large, max-video-preview:-1\" \/>\n<link rel=\"canonical\" href=\"https:\/\/boothurengiethoorn.nl\/de\/allgemeine-geschaeftsbedingungen\/\" \/>\n<meta property=\"og:locale\" content=\"de_DE\" \/>\n<meta property=\"og:type\" content=\"article\" \/>\n<meta property=\"og:title\" content=\"Allgemeine Gesch\u00e4ftsbedingungen - Boothuren Giethoorn | Fluisterboot &amp; Sloep Huren in Giethoorn Noord &amp; Midden | Old Giethoorn\" \/>\n<meta property=\"og:description\" content=\"Allgemeine Gesch\u00e4ftsbedingungen\" \/>\n<meta property=\"og:url\" content=\"https:\/\/boothurengiethoorn.nl\/de\/allgemeine-geschaeftsbedingungen\/\" \/>\n<meta property=\"og:site_name\" content=\"Boothuren Giethoorn | Fluisterboot &amp; Sloep Huren in Giethoorn Noord &amp; Midden | Old Giethoorn\" \/>\n<meta property=\"article:modified_time\" content=\"2026-03-02T07:13:02+00:00\" \/>\n<meta name=\"twitter:card\" content=\"summary_large_image\" \/>\n<meta name=\"twitter:label1\" content=\"Gesch\u00e4tzte Lesezeit\" \/>\n\t<meta name=\"twitter:data1\" content=\"4\u00a0Minuten\" \/>\n<script type=\"application\/ld+json\" class=\"yoast-schema-graph\">{\"@context\":\"https:\\\/\\\/schema.org\",\"@graph\":[{\"@type\":\"WebPage\",\"@id\":\"https:\\\/\\\/boothurengiethoorn.nl\\\/de\\\/allgemeine-geschaeftsbedingungen\\\/\",\"url\":\"https:\\\/\\\/boothurengiethoorn.nl\\\/de\\\/allgemeine-geschaeftsbedingungen\\\/\",\"name\":\"Allgemeine Gesch\u00e4ftsbedingungen - Boothuren Giethoorn | Fluisterboot &amp; Sloep Huren in Giethoorn Noord &amp; Midden | Old Giethoorn\",\"isPartOf\":{\"@id\":\"https:\\\/\\\/boothurengiethoorn.nl\\\/de\\\/#website\"},\"datePublished\":\"2020-05-22T12:40:07+00:00\",\"dateModified\":\"2026-03-02T07:13:02+00:00\",\"description\":\"Allgemeine Gesch\u00e4ftsbedingungen\",\"breadcrumb\":{\"@id\":\"https:\\\/\\\/boothurengiethoorn.nl\\\/de\\\/allgemeine-geschaeftsbedingungen\\\/#breadcrumb\"},\"inLanguage\":\"de\",\"potentialAction\":[{\"@type\":\"ReadAction\",\"target\":[\"https:\\\/\\\/boothurengiethoorn.nl\\\/de\\\/allgemeine-geschaeftsbedingungen\\\/\"]}]},{\"@type\":\"BreadcrumbList\",\"@id\":\"https:\\\/\\\/boothurengiethoorn.nl\\\/de\\\/allgemeine-geschaeftsbedingungen\\\/#breadcrumb\",\"itemListElement\":[{\"@type\":\"ListItem\",\"position\":1,\"name\":\"Home\",\"item\":\"https:\\\/\\\/boothurengiethoorn.nl\\\/de\\\/\"},{\"@type\":\"ListItem\",\"position\":2,\"name\":\"Allgemeine Gesch\u00e4ftsbedingungen\"}]},{\"@type\":\"WebSite\",\"@id\":\"https:\\\/\\\/boothurengiethoorn.nl\\\/de\\\/#website\",\"url\":\"https:\\\/\\\/boothurengiethoorn.nl\\\/de\\\/\",\"name\":\"Boothuren Giethoorn | Fluisterboot &amp; Sloep Huren in Giethoorn Noord &amp; Midden | Old Giethoorn\",\"description\":\"\",\"publisher\":{\"@id\":\"https:\\\/\\\/boothurengiethoorn.nl\\\/de\\\/#organization\"},\"potentialAction\":[{\"@type\":\"SearchAction\",\"target\":{\"@type\":\"EntryPoint\",\"urlTemplate\":\"https:\\\/\\\/boothurengiethoorn.nl\\\/de\\\/?s={search_term_string}\"},\"query-input\":{\"@type\":\"PropertyValueSpecification\",\"valueRequired\":true,\"valueName\":\"search_term_string\"}}],\"inLanguage\":\"de\"},{\"@type\":\"Organization\",\"@id\":\"https:\\\/\\\/boothurengiethoorn.nl\\\/de\\\/#organization\",\"name\":\"Boothuren Giethoorn | Fluisterboot &amp; Sloep Huren in Giethoorn Noord &amp; Midden | Old Giethoorn\",\"url\":\"https:\\\/\\\/boothurengiethoorn.nl\\\/de\\\/\",\"logo\":{\"@type\":\"ImageObject\",\"inLanguage\":\"de\",\"@id\":\"https:\\\/\\\/boothurengiethoorn.nl\\\/de\\\/#\\\/schema\\\/logo\\\/image\\\/\",\"url\":\"https:\\\/\\\/boothurengiethoorn.nl\\\/wp-content\\\/uploads\\\/2025\\\/01\\\/homebutton.svg\",\"contentUrl\":\"https:\\\/\\\/boothurengiethoorn.nl\\\/wp-content\\\/uploads\\\/2025\\\/01\\\/homebutton.svg\",\"caption\":\"Boothuren Giethoorn | Fluisterboot &amp; Sloep Huren in Giethoorn Noord &amp; Midden | Old Giethoorn\"},\"image\":{\"@id\":\"https:\\\/\\\/boothurengiethoorn.nl\\\/de\\\/#\\\/schema\\\/logo\\\/image\\\/\"}}]}<\/script>\n<!-- \/ Yoast SEO plugin. -->","yoast_head_json":{"title":"Allgemeine Gesch\u00e4ftsbedingungen - Boothuren Giethoorn | Fluisterboot &amp; Sloep Huren in Giethoorn Noord &amp; Midden | Old Giethoorn","description":"Allgemeine Gesch\u00e4ftsbedingungen","robots":{"index":"index","follow":"follow","max-snippet":"max-snippet:-1","max-image-preview":"max-image-preview:large","max-video-preview":"max-video-preview:-1"},"canonical":"https:\/\/boothurengiethoorn.nl\/de\/allgemeine-geschaeftsbedingungen\/","og_locale":"de_DE","og_type":"article","og_title":"Allgemeine Gesch\u00e4ftsbedingungen - Boothuren Giethoorn | Fluisterboot &amp; Sloep Huren in Giethoorn Noord &amp; Midden | Old Giethoorn","og_description":"Allgemeine Gesch\u00e4ftsbedingungen","og_url":"https:\/\/boothurengiethoorn.nl\/de\/allgemeine-geschaeftsbedingungen\/","og_site_name":"Boothuren Giethoorn | Fluisterboot &amp; Sloep Huren in Giethoorn Noord &amp; Midden | Old Giethoorn","article_modified_time":"2026-03-02T07:13:02+00:00","twitter_card":"summary_large_image","twitter_misc":{"Gesch\u00e4tzte Lesezeit":"4\u00a0Minuten"},"schema":{"@context":"https:\/\/schema.org","@graph":[{"@type":"WebPage","@id":"https:\/\/boothurengiethoorn.nl\/de\/allgemeine-geschaeftsbedingungen\/","url":"https:\/\/boothurengiethoorn.nl\/de\/allgemeine-geschaeftsbedingungen\/","name":"Allgemeine Gesch\u00e4ftsbedingungen - Boothuren Giethoorn | Fluisterboot &amp; Sloep Huren in Giethoorn Noord &amp; Midden | Old Giethoorn","isPartOf":{"@id":"https:\/\/boothurengiethoorn.nl\/de\/#website"},"datePublished":"2020-05-22T12:40:07+00:00","dateModified":"2026-03-02T07:13:02+00:00","description":"Allgemeine Gesch\u00e4ftsbedingungen","breadcrumb":{"@id":"https:\/\/boothurengiethoorn.nl\/de\/allgemeine-geschaeftsbedingungen\/#breadcrumb"},"inLanguage":"de","potentialAction":[{"@type":"ReadAction","target":["https:\/\/boothurengiethoorn.nl\/de\/allgemeine-geschaeftsbedingungen\/"]}]},{"@type":"BreadcrumbList","@id":"https:\/\/boothurengiethoorn.nl\/de\/allgemeine-geschaeftsbedingungen\/#breadcrumb","itemListElement":[{"@type":"ListItem","position":1,"name":"Home","item":"https:\/\/boothurengiethoorn.nl\/de\/"},{"@type":"ListItem","position":2,"name":"Allgemeine Gesch\u00e4ftsbedingungen"}]},{"@type":"WebSite","@id":"https:\/\/boothurengiethoorn.nl\/de\/#website","url":"https:\/\/boothurengiethoorn.nl\/de\/","name":"Boothuren Giethoorn | Fluisterboot &amp; Sloep Huren in Giethoorn Noord &amp; Midden | Old Giethoorn","description":"","publisher":{"@id":"https:\/\/boothurengiethoorn.nl\/de\/#organization"},"potentialAction":[{"@type":"SearchAction","target":{"@type":"EntryPoint","urlTemplate":"https:\/\/boothurengiethoorn.nl\/de\/?s={search_term_string}"},"query-input":{"@type":"PropertyValueSpecification","valueRequired":true,"valueName":"search_term_string"}}],"inLanguage":"de"},{"@type":"Organization","@id":"https:\/\/boothurengiethoorn.nl\/de\/#organization","name":"Boothuren Giethoorn | Fluisterboot &amp; Sloep Huren in Giethoorn Noord &amp; Midden | Old Giethoorn","url":"https:\/\/boothurengiethoorn.nl\/de\/","logo":{"@type":"ImageObject","inLanguage":"de","@id":"https:\/\/boothurengiethoorn.nl\/de\/#\/schema\/logo\/image\/","url":"https:\/\/boothurengiethoorn.nl\/wp-content\/uploads\/2025\/01\/homebutton.svg","contentUrl":"https:\/\/boothurengiethoorn.nl\/wp-content\/uploads\/2025\/01\/homebutton.svg","caption":"Boothuren Giethoorn | Fluisterboot &amp; Sloep Huren in Giethoorn Noord &amp; Midden | Old Giethoorn"},"image":{"@id":"https:\/\/boothurengiethoorn.nl\/de\/#\/schema\/logo\/image\/"}}]}},"_links":{"self":[{"href":"https:\/\/boothurengiethoorn.nl\/de\/wp-json\/wp\/v2\/pages\/2110","targetHints":{"allow":["GET"]}}],"collection":[{"href":"https:\/\/boothurengiethoorn.nl\/de\/wp-json\/wp\/v2\/pages"}],"about":[{"href":"https:\/\/boothurengiethoorn.nl\/de\/wp-json\/wp\/v2\/types\/page"}],"author":[{"embeddable":true,"href":"https:\/\/boothurengiethoorn.nl\/de\/wp-json\/wp\/v2\/users\/2"}],"replies":[{"embeddable":true,"href":"https:\/\/boothurengiethoorn.nl\/de\/wp-json\/wp\/v2\/comments?post=2110"}],"version-history":[{"count":2,"href":"https:\/\/boothurengiethoorn.nl\/de\/wp-json\/wp\/v2\/pages\/2110\/revisions"}],"predecessor-version":[{"id":2113,"href":"https:\/\/boothurengiethoorn.nl\/de\/wp-json\/wp\/v2\/pages\/2110\/revisions\/2113"}],"wp:attachment":[{"href":"https:\/\/boothurengiethoorn.nl\/de\/wp-json\/wp\/v2\/media?parent=2110"}],"curies":[{"name":"wp","href":"https:\/\/api.w.org\/{rel}","templated":true}]}}