{"id":2122,"date":"2025-02-19T09:35:40","date_gmt":"2025-02-19T07:35:40","guid":{"rendered":"https:\/\/boothurengiethoorn.nl\/?page_id=2122"},"modified":"2026-03-02T09:28:13","modified_gmt":"2026-03-02T07:28:13","slug":"anreise-aus-dem-norden","status":"publish","type":"page","link":"https:\/\/boothurengiethoorn.nl\/de\/kontakt\/anreise-aus-dem-norden\/","title":{"rendered":"Anreise aus dem Norden"},"content":{"rendered":"<h3>MIT DEM AUTO AUS DEM NORDEN (STEENWIJK) \u00dcBER DIE N334 (BEULAKERWEG):<\/h3>\n<ul>\n<li>Fahren Sie an der Ausfahrt \u201eGiethoorn-Noord\u201c vorbei.<\/li>\n<li>Nach ca. 1,0 km (nach dem Neubaugebiet auf der linken Seite) sehen Sie eine Abzweigung nach links.<\/li>\n<li>Nehmen Sie die Abfahrt \u201eGiethoorn-Middenbuurt\u201c. Diese Stra\u00dfe hei\u00dft \u201eDe Deukten\u201c.<\/li>\n<li>Folgen Sie dieser Stra\u00dfe (De Deukten) etwa 1,0 km, bis Sie eine Abzweigung nach rechts sehen, ebenfalls ausgeschildert als \u201eGiethoorn-Middenbuurt\u201c. Biegen Sie hier rechts ab.<\/li>\n<li>Folgen Sie dieser Stra\u00dfe (De Deukten) bis ganz zum Ende.<\/li>\n<li>Biegen Sie an der T-Kreuzung rechts ab in die Kerkweg.<\/li>\n<li>Folgen Sie dieser schmalen Stra\u00dfe (Kerkweg) bis zum Ende. Fahren Sie langsam \u2013 auf dieser schmalen Stra\u00dfe laufen oft viele Menschen.<\/li>\n<li>Nach etwa 400 Metern macht die Stra\u00dfe eine leichte Rechtskurve, und links sehen Sie vor\u00fcbergehend kein Wasser mehr.<\/li>\n<li>Nach weiteren ca. 200 Metern sehen Sie auf der rechten Seite einen kleinen kostenlosen kommunalen Parkplatz \u2013 dieser ist jedoch oft voll.<\/li>\n<li>Fahren Sie weitere ca. 200 Meter bis zum Stra\u00dfenende (links erscheint wieder die Dorpsgracht).<\/li>\n<li>Die Stra\u00dfe endet an einer kleinen Holzfu\u00dfbr\u00fccke, etwa 1 Meter breit. Hier beginnt die Fu\u00dfg\u00e4ngerzone \u201eBinnenpad\u201c.<\/li>\n<li>Rechts befindet sich ein gro\u00dfer Parkplatz. Parken Sie hier und gehen Sie zur\u00fcck zur kleinen Holzbr\u00fccke (wo Sie zuvor mit dem Auto standen).<\/li>\n<li>\u00dcberqueren Sie die Br\u00fccke und folgen Sie dem Fu\u00df- und Radweg (dem Binnenpad).<\/li>\n<li>Nach 50 Metern sehen Sie auf der rechten Seite \u201eBroer Botenverhuur\u201c, Binnenpad 16 (eine gro\u00dfe schwarze Bootshalle).<\/li>\n<\/ul>\n<p><strong>ENDE:<\/strong> Hier m\u00fcssen Sie sein, wenn Sie bei <em>Broer Botenverhuur<\/em> reserviert haben.<br \/>\nM\u00f6chten Sie zuerst etwas essen oder trinken, laufen Sie ein kleines St\u00fcck weiter zu unserem zweiten Standort \u201eRecreatiebedrijf Geythorn\u201c, nur 200 Meter weiter auf der rechten Seite.<\/p>\n<hr>\n<p><strong>FORTSETZUNG:<\/strong> Wenn Sie bei <em>Recreatiebedrijf Geythorn, Binnenpad 42<\/em> reserviert haben, gehen Sie 200 Meter weiter.<\/p>\n<ul>\n<li>Folgen Sie dem Weg; nach 100 Metern sehen Sie links \u00fcber dem Wasser das Museum \u201eDe Oude Aarde\u201c. Folgen Sie dem Weg weiter.<\/li>\n<li>Nach weiteren 100 Metern sehen Sie auf der rechten Seite \u201eRecreatiebedrijf Geythorn\u201c (gro\u00dfe Terrasse \/ Sonnenschirme \/ Fahnen).<\/li>\n<\/ul>\n<p><strong>ENDE:<\/strong> Hier m\u00fcssen Sie sein, wenn Sie bei <em>Recreatiebedrijf Geythorn<\/em> reserviert haben oder wenn Sie Ihren Tag mit einem Kaffee oder Snack beginnen m\u00f6chten.<\/p>\n<p><img loading=\"lazy\" decoding=\"async\" class=\"alignnone\" src=\"https:\/\/www.boothurengiethoorn.nl\/wp-content\/uploads\/2025\/02\/route-noord.jpg\" alt=\"Route aus dem Norden\" width=\"357\" height=\"752\" \/><\/p>\n<div class=\"mb-40\"><\/div>\n","protected":false},"excerpt":{"rendered":"<div class=\"-mb-10 md:-mb-20\"><p>MIT DEM AUTO AUS DEM NORDEN (STEENWIJK) \u00dcBER DIE N334 (BEULAKERWEG): Fahren Sie an der Ausfahrt \u201eGiethoorn-Noord\u201c vorbei. Nach ca. 1,0 km (nach dem Neubaugebiet auf der linken Seite) sehen Sie eine Abzweigung nach links. Nehmen Sie die Abfahrt \u201eGiethoorn-Middenbuurt\u201c. Diese Stra\u00dfe hei\u00dft \u201eDe Deukten\u201c. Folgen Sie dieser Stra\u00dfe (De Deukten) etwa 1,0 km, bis [&hellip;]<\/p>\n<\/div>","protected":false},"author":2,"featured_media":0,"parent":2015,"menu_order":0,"comment_status":"closed","ping_status":"closed","template":"","meta":{"_acf_changed":false,"footnotes":""},"class_list":["post-2122","page","type-page","status-publish","hentry"],"acf":[],"yoast_head":"<!-- This site is optimized with the Yoast SEO plugin v27.5 - https:\/\/yoast.com\/product\/yoast-seo-wordpress\/ -->\n<title>Anreise aus dem Norden - Boothuren Giethoorn | Fluisterboot &amp; Sloep Huren in Giethoorn Noord &amp; Midden | Old Giethoorn<\/title>\n<meta name=\"description\" content=\"Anreise aus dem Norden\" \/>\n<meta name=\"robots\" content=\"index, follow, max-snippet:-1, max-image-preview:large, max-video-preview:-1\" \/>\n<link rel=\"canonical\" href=\"https:\/\/boothurengiethoorn.nl\/de\/kontakt\/anreise-aus-dem-norden\/\" \/>\n<meta property=\"og:locale\" content=\"de_DE\" \/>\n<meta property=\"og:type\" content=\"article\" \/>\n<meta property=\"og:title\" content=\"Anreise aus dem Norden - Boothuren Giethoorn | Fluisterboot &amp; Sloep Huren in Giethoorn Noord &amp; Midden | Old Giethoorn\" \/>\n<meta property=\"og:description\" content=\"Anreise aus dem Norden\" \/>\n<meta property=\"og:url\" content=\"https:\/\/boothurengiethoorn.nl\/de\/kontakt\/anreise-aus-dem-norden\/\" \/>\n<meta property=\"og:site_name\" content=\"Boothuren Giethoorn | Fluisterboot &amp; Sloep Huren in Giethoorn Noord &amp; Midden | Old Giethoorn\" \/>\n<meta property=\"article:modified_time\" content=\"2026-03-02T07:28:13+00:00\" \/>\n<meta property=\"og:image\" content=\"https:\/\/www.boothurengiethoorn.nl\/wp-content\/uploads\/2025\/02\/route-noord.jpg\" \/>\n<meta name=\"twitter:card\" content=\"summary_large_image\" \/>\n<script type=\"application\/ld+json\" class=\"yoast-schema-graph\">{\"@context\":\"https:\\\/\\\/schema.org\",\"@graph\":[{\"@type\":\"WebPage\",\"@id\":\"https:\\\/\\\/boothurengiethoorn.nl\\\/de\\\/kontakt\\\/anreise-aus-dem-norden\\\/\",\"url\":\"https:\\\/\\\/boothurengiethoorn.nl\\\/de\\\/kontakt\\\/anreise-aus-dem-norden\\\/\",\"name\":\"Anreise aus dem Norden - Boothuren Giethoorn | Fluisterboot &amp; Sloep Huren in Giethoorn Noord &amp; Midden | Old Giethoorn\",\"isPartOf\":{\"@id\":\"https:\\\/\\\/boothurengiethoorn.nl\\\/de\\\/#website\"},\"primaryImageOfPage\":{\"@id\":\"https:\\\/\\\/boothurengiethoorn.nl\\\/de\\\/kontakt\\\/anreise-aus-dem-norden\\\/#primaryimage\"},\"image\":{\"@id\":\"https:\\\/\\\/boothurengiethoorn.nl\\\/de\\\/kontakt\\\/anreise-aus-dem-norden\\\/#primaryimage\"},\"thumbnailUrl\":\"https:\\\/\\\/www.boothurengiethoorn.nl\\\/wp-content\\\/uploads\\\/2025\\\/02\\\/route-noord.jpg\",\"datePublished\":\"2025-02-19T07:35:40+00:00\",\"dateModified\":\"2026-03-02T07:28:13+00:00\",\"description\":\"Anreise aus dem Norden\",\"breadcrumb\":{\"@id\":\"https:\\\/\\\/boothurengiethoorn.nl\\\/de\\\/kontakt\\\/anreise-aus-dem-norden\\\/#breadcrumb\"},\"inLanguage\":\"de\",\"potentialAction\":[{\"@type\":\"ReadAction\",\"target\":[\"https:\\\/\\\/boothurengiethoorn.nl\\\/de\\\/kontakt\\\/anreise-aus-dem-norden\\\/\"]}]},{\"@type\":\"ImageObject\",\"inLanguage\":\"de\",\"@id\":\"https:\\\/\\\/boothurengiethoorn.nl\\\/de\\\/kontakt\\\/anreise-aus-dem-norden\\\/#primaryimage\",\"url\":\"https:\\\/\\\/www.boothurengiethoorn.nl\\\/wp-content\\\/uploads\\\/2025\\\/02\\\/route-noord.jpg\",\"contentUrl\":\"https:\\\/\\\/www.boothurengiethoorn.nl\\\/wp-content\\\/uploads\\\/2025\\\/02\\\/route-noord.jpg\"},{\"@type\":\"BreadcrumbList\",\"@id\":\"https:\\\/\\\/boothurengiethoorn.nl\\\/de\\\/kontakt\\\/anreise-aus-dem-norden\\\/#breadcrumb\",\"itemListElement\":[{\"@type\":\"ListItem\",\"position\":1,\"name\":\"Home\",\"item\":\"https:\\\/\\\/boothurengiethoorn.nl\\\/de\\\/\"},{\"@type\":\"ListItem\",\"position\":2,\"name\":\"Kontakt\",\"item\":\"https:\\\/\\\/boothurengiethoorn.nl\\\/de\\\/kontakt\\\/\"},{\"@type\":\"ListItem\",\"position\":3,\"name\":\"Anreise aus dem Norden\"}]},{\"@type\":\"WebSite\",\"@id\":\"https:\\\/\\\/boothurengiethoorn.nl\\\/de\\\/#website\",\"url\":\"https:\\\/\\\/boothurengiethoorn.nl\\\/de\\\/\",\"name\":\"Boothuren Giethoorn | Fluisterboot &amp; Sloep Huren in Giethoorn Noord &amp; Midden | Old Giethoorn\",\"description\":\"\",\"publisher\":{\"@id\":\"https:\\\/\\\/boothurengiethoorn.nl\\\/de\\\/#organization\"},\"potentialAction\":[{\"@type\":\"SearchAction\",\"target\":{\"@type\":\"EntryPoint\",\"urlTemplate\":\"https:\\\/\\\/boothurengiethoorn.nl\\\/de\\\/?s={search_term_string}\"},\"query-input\":{\"@type\":\"PropertyValueSpecification\",\"valueRequired\":true,\"valueName\":\"search_term_string\"}}],\"inLanguage\":\"de\"},{\"@type\":\"Organization\",\"@id\":\"https:\\\/\\\/boothurengiethoorn.nl\\\/de\\\/#organization\",\"name\":\"Boothuren Giethoorn | Fluisterboot &amp; Sloep Huren in Giethoorn Noord &amp; Midden | Old Giethoorn\",\"url\":\"https:\\\/\\\/boothurengiethoorn.nl\\\/de\\\/\",\"logo\":{\"@type\":\"ImageObject\",\"inLanguage\":\"de\",\"@id\":\"https:\\\/\\\/boothurengiethoorn.nl\\\/de\\\/#\\\/schema\\\/logo\\\/image\\\/\",\"url\":\"https:\\\/\\\/boothurengiethoorn.nl\\\/wp-content\\\/uploads\\\/2025\\\/01\\\/homebutton.svg\",\"contentUrl\":\"https:\\\/\\\/boothurengiethoorn.nl\\\/wp-content\\\/uploads\\\/2025\\\/01\\\/homebutton.svg\",\"caption\":\"Boothuren Giethoorn | Fluisterboot &amp; Sloep Huren in Giethoorn Noord &amp; Midden | Old Giethoorn\"},\"image\":{\"@id\":\"https:\\\/\\\/boothurengiethoorn.nl\\\/de\\\/#\\\/schema\\\/logo\\\/image\\\/\"}}]}<\/script>\n<!-- \/ Yoast SEO plugin. -->","yoast_head_json":{"title":"Anreise aus dem Norden - Boothuren Giethoorn | Fluisterboot &amp; Sloep Huren in Giethoorn Noord &amp; Midden | Old Giethoorn","description":"Anreise aus dem Norden","robots":{"index":"index","follow":"follow","max-snippet":"max-snippet:-1","max-image-preview":"max-image-preview:large","max-video-preview":"max-video-preview:-1"},"canonical":"https:\/\/boothurengiethoorn.nl\/de\/kontakt\/anreise-aus-dem-norden\/","og_locale":"de_DE","og_type":"article","og_title":"Anreise aus dem Norden - Boothuren Giethoorn | Fluisterboot &amp; Sloep Huren in Giethoorn Noord &amp; Midden | Old Giethoorn","og_description":"Anreise aus dem Norden","og_url":"https:\/\/boothurengiethoorn.nl\/de\/kontakt\/anreise-aus-dem-norden\/","og_site_name":"Boothuren Giethoorn | Fluisterboot &amp; Sloep Huren in Giethoorn Noord &amp; Midden | Old Giethoorn","article_modified_time":"2026-03-02T07:28:13+00:00","og_image":[{"url":"https:\/\/www.boothurengiethoorn.nl\/wp-content\/uploads\/2025\/02\/route-noord.jpg","type":"","width":"","height":""}],"twitter_card":"summary_large_image","schema":{"@context":"https:\/\/schema.org","@graph":[{"@type":"WebPage","@id":"https:\/\/boothurengiethoorn.nl\/de\/kontakt\/anreise-aus-dem-norden\/","url":"https:\/\/boothurengiethoorn.nl\/de\/kontakt\/anreise-aus-dem-norden\/","name":"Anreise aus dem Norden - Boothuren Giethoorn | Fluisterboot &amp; Sloep Huren in Giethoorn Noord &amp; Midden | Old Giethoorn","isPartOf":{"@id":"https:\/\/boothurengiethoorn.nl\/de\/#website"},"primaryImageOfPage":{"@id":"https:\/\/boothurengiethoorn.nl\/de\/kontakt\/anreise-aus-dem-norden\/#primaryimage"},"image":{"@id":"https:\/\/boothurengiethoorn.nl\/de\/kontakt\/anreise-aus-dem-norden\/#primaryimage"},"thumbnailUrl":"https:\/\/www.boothurengiethoorn.nl\/wp-content\/uploads\/2025\/02\/route-noord.jpg","datePublished":"2025-02-19T07:35:40+00:00","dateModified":"2026-03-02T07:28:13+00:00","description":"Anreise aus dem Norden","breadcrumb":{"@id":"https:\/\/boothurengiethoorn.nl\/de\/kontakt\/anreise-aus-dem-norden\/#breadcrumb"},"inLanguage":"de","potentialAction":[{"@type":"ReadAction","target":["https:\/\/boothurengiethoorn.nl\/de\/kontakt\/anreise-aus-dem-norden\/"]}]},{"@type":"ImageObject","inLanguage":"de","@id":"https:\/\/boothurengiethoorn.nl\/de\/kontakt\/anreise-aus-dem-norden\/#primaryimage","url":"https:\/\/www.boothurengiethoorn.nl\/wp-content\/uploads\/2025\/02\/route-noord.jpg","contentUrl":"https:\/\/www.boothurengiethoorn.nl\/wp-content\/uploads\/2025\/02\/route-noord.jpg"},{"@type":"BreadcrumbList","@id":"https:\/\/boothurengiethoorn.nl\/de\/kontakt\/anreise-aus-dem-norden\/#breadcrumb","itemListElement":[{"@type":"ListItem","position":1,"name":"Home","item":"https:\/\/boothurengiethoorn.nl\/de\/"},{"@type":"ListItem","position":2,"name":"Kontakt","item":"https:\/\/boothurengiethoorn.nl\/de\/kontakt\/"},{"@type":"ListItem","position":3,"name":"Anreise aus dem Norden"}]},{"@type":"WebSite","@id":"https:\/\/boothurengiethoorn.nl\/de\/#website","url":"https:\/\/boothurengiethoorn.nl\/de\/","name":"Boothuren Giethoorn | Fluisterboot &amp; Sloep Huren in Giethoorn Noord &amp; Midden | Old Giethoorn","description":"","publisher":{"@id":"https:\/\/boothurengiethoorn.nl\/de\/#organization"},"potentialAction":[{"@type":"SearchAction","target":{"@type":"EntryPoint","urlTemplate":"https:\/\/boothurengiethoorn.nl\/de\/?s={search_term_string}"},"query-input":{"@type":"PropertyValueSpecification","valueRequired":true,"valueName":"search_term_string"}}],"inLanguage":"de"},{"@type":"Organization","@id":"https:\/\/boothurengiethoorn.nl\/de\/#organization","name":"Boothuren Giethoorn | Fluisterboot &amp; Sloep Huren in Giethoorn Noord &amp; Midden | Old Giethoorn","url":"https:\/\/boothurengiethoorn.nl\/de\/","logo":{"@type":"ImageObject","inLanguage":"de","@id":"https:\/\/boothurengiethoorn.nl\/de\/#\/schema\/logo\/image\/","url":"https:\/\/boothurengiethoorn.nl\/wp-content\/uploads\/2025\/01\/homebutton.svg","contentUrl":"https:\/\/boothurengiethoorn.nl\/wp-content\/uploads\/2025\/01\/homebutton.svg","caption":"Boothuren Giethoorn | Fluisterboot &amp; Sloep Huren in Giethoorn Noord &amp; Midden | Old Giethoorn"},"image":{"@id":"https:\/\/boothurengiethoorn.nl\/de\/#\/schema\/logo\/image\/"}}]}},"_links":{"self":[{"href":"https:\/\/boothurengiethoorn.nl\/de\/wp-json\/wp\/v2\/pages\/2122","targetHints":{"allow":["GET"]}}],"collection":[{"href":"https:\/\/boothurengiethoorn.nl\/de\/wp-json\/wp\/v2\/pages"}],"about":[{"href":"https:\/\/boothurengiethoorn.nl\/de\/wp-json\/wp\/v2\/types\/page"}],"author":[{"embeddable":true,"href":"https:\/\/boothurengiethoorn.nl\/de\/wp-json\/wp\/v2\/users\/2"}],"replies":[{"embeddable":true,"href":"https:\/\/boothurengiethoorn.nl\/de\/wp-json\/wp\/v2\/comments?post=2122"}],"version-history":[{"count":1,"href":"https:\/\/boothurengiethoorn.nl\/de\/wp-json\/wp\/v2\/pages\/2122\/revisions"}],"predecessor-version":[{"id":2123,"href":"https:\/\/boothurengiethoorn.nl\/de\/wp-json\/wp\/v2\/pages\/2122\/revisions\/2123"}],"up":[{"embeddable":true,"href":"https:\/\/boothurengiethoorn.nl\/de\/wp-json\/wp\/v2\/pages\/2015"}],"wp:attachment":[{"href":"https:\/\/boothurengiethoorn.nl\/de\/wp-json\/wp\/v2\/media?parent=2122"}],"curies":[{"name":"wp","href":"https:\/\/api.w.org\/{rel}","templated":true}]}}