{"id":2132,"date":"2025-02-19T09:38:00","date_gmt":"2025-02-19T07:38:00","guid":{"rendered":"https:\/\/boothurengiethoorn.nl\/?page_id=2132"},"modified":"2026-03-02T09:46:00","modified_gmt":"2026-03-02T07:46:00","slug":"anreise-aus-dem-sueden","status":"publish","type":"page","link":"https:\/\/boothurengiethoorn.nl\/de\/kontakt\/anreise-aus-dem-sueden\/","title":{"rendered":"Anreise aus dem S\u00fcden"},"content":{"rendered":"<h3>MIT DEM AUTO AUS DEM S\u00dcDEN (ZWOLLE) \u00dcBER DIE N334 (BEULAKERWEG):<\/h3>\n<ul>\n<li>Fahren Sie an der Ausfahrt \u201eGiethoorn-Centrum\u201c vorbei.<\/li>\n<li>An der Br\u00fccke \u00fcber den Kanal auf Ihrer linken Seite (die Stra\u00dfe Richtung Dwarsgracht) fahren Sie einfach geradeaus weiter.<\/li>\n<li>Nach ca. 1,0 km nehmen Sie die Abzweigung nach rechts. Abfahrt \u201eGiethoorn-Middenbuurt\u201c. Diese Stra\u00dfe hei\u00dft \u201eDe Deukten\u201c. Folgen Sie dieser Stra\u00dfe.<\/li>\n<li>Folgen Sie dieser Stra\u00dfe (De Deukten) bis ganz zum Ende.<\/li>\n<li>Biegen Sie an der T-Kreuzung rechts in die Kerkweg ab.<\/li>\n<li>Folgen Sie dieser schmalen Stra\u00dfe (Kerkweg) bis ganz zum Ende. Fahren Sie langsam \u2014 auf dieser Stra\u00dfe laufen oft viele Fu\u00dfg\u00e4nger.<\/li>\n<li>Nach ca. 400 Metern macht die Stra\u00dfe eine leichte Rechtskurve und links sehen Sie vor\u00fcbergehend kein Wasser mehr.<\/li>\n<li>Nach ca. 200 Metern befindet sich auf Ihrer rechten Seite ein kleiner kostenloser kommunaler Parkplatz \u2014 dieser ist jedoch oft voll.<\/li>\n<li>Fahren Sie weitere ca. 200 Meter bis zum Stra\u00dfenende (links erscheint wieder die Dorpsgracht).<\/li>\n<li>Die Stra\u00dfe endet an einer kleinen Holzfu\u00dfbr\u00fccke, etwa 1 Meter breit. Hier beginnt die Fu\u00dfg\u00e4ngerzone \u201eBinnenpad\u201c.<\/li>\n<li>Rechts sehen Sie einen gro\u00dfen Parkplatz. Parken Sie hier und gehen Sie zur\u00fcck zu der kleinen Holzbr\u00fccke (wo Sie zuvor mit dem Auto standen).<\/li>\n<li>\u00dcberqueren Sie diese Br\u00fccke und folgen Sie dem Fu\u00df- und Radweg (dem Binnenpad).<\/li>\n<li>Nach 50 Metern sehen Sie auf der rechten Seite \u201eBroer Botenverhuur\u201c, Binnenpad 16 (eine gro\u00dfe schwarze Bootshalle).<\/li>\n<\/ul>\n<p><strong>ENDE:<\/strong> Hier m\u00fcssen Sie sein, wenn Sie bei <em>Broer Botenverhuur<\/em> reserviert haben.<br \/>\nWenn Sie vorher etwas essen oder trinken m\u00f6chten, laufen Sie ein St\u00fcck weiter zu unserem anderen Standort \u201eRecreatiebedrijf Geythorn\u201c, nur 200 Meter weiter auf der rechten Seite.<\/p>\n<hr \/>\n<p><strong>FORTSETZUNG:<\/strong> Wenn Sie bei <em>Recreatiebedrijf Geythorn, Binnenpad 42<\/em> reserviert haben, gehen Sie weitere 200 Meter geradeaus.<\/p>\n<ul>\n<li>Folgen Sie dem Weg; nach 100 Metern sehen Sie links \u00fcber dem Wasser das Museum \u201eDe Oude Aarde\u201c. Folgen Sie dem Weg weiter.<\/li>\n<li>Nach weiteren 100 Metern sehen Sie rechts \u201eRecreatiebedrijf Geythorn\u201c (gro\u00dfe Terrasse \/ Sonnenschirme \/ Fahnen).<\/li>\n<\/ul>\n<p><strong>ENDE:<\/strong> Hier m\u00fcssen Sie sein, wenn Sie bei <em>Recreatiebedrijf Geythorn<\/em> reserviert haben oder wenn Sie Ihren Tag mit einem Kaffee oder einem leckeren Snack beginnen m\u00f6chten.<\/p>\n<p><img loading=\"lazy\" decoding=\"async\" class=\"alignnone wp-image-1441 size-full\" src=\"https:\/\/www.boothurengiethoorn.nl\/wp-content\/uploads\/2025\/02\/Knipsel.jpg\" alt=\"Route aus dem S\u00fcden\" width=\"650\" height=\"825\" srcset=\"https:\/\/boothurengiethoorn.nl\/wp-content\/uploads\/2025\/02\/Knipsel.jpg 650w, https:\/\/boothurengiethoorn.nl\/wp-content\/uploads\/2025\/02\/Knipsel-236x300.jpg 236w\" sizes=\"auto, (max-width: 650px) 100vw, 650px\" \/><\/p>\n<div class=\"mb-40\"><\/div>\n","protected":false},"excerpt":{"rendered":"<div class=\"-mb-10 md:-mb-20\"><p>MIT DEM AUTO AUS DEM S\u00dcDEN (ZWOLLE) \u00dcBER DIE N334 (BEULAKERWEG): Fahren Sie an der Ausfahrt \u201eGiethoorn-Centrum\u201c vorbei. An der Br\u00fccke \u00fcber den Kanal auf Ihrer linken Seite (die Stra\u00dfe Richtung Dwarsgracht) fahren Sie einfach geradeaus weiter. Nach ca. 1,0 km nehmen Sie die Abzweigung nach rechts. Abfahrt \u201eGiethoorn-Middenbuurt\u201c. Diese Stra\u00dfe hei\u00dft \u201eDe Deukten\u201c. Folgen [&hellip;]<\/p>\n<\/div>","protected":false},"author":2,"featured_media":0,"parent":2015,"menu_order":0,"comment_status":"closed","ping_status":"closed","template":"","meta":{"_acf_changed":false,"footnotes":""},"class_list":["post-2132","page","type-page","status-publish","hentry"],"acf":[],"yoast_head":"<!-- This site is optimized with the Yoast SEO plugin v27.5 - https:\/\/yoast.com\/product\/yoast-seo-wordpress\/ -->\n<title>Anreise aus dem S\u00fcden - Boothuren Giethoorn | Fluisterboot &amp; Sloep Huren in Giethoorn Noord &amp; Midden | Old Giethoorn<\/title>\n<meta name=\"robots\" content=\"index, follow, max-snippet:-1, max-image-preview:large, max-video-preview:-1\" \/>\n<link rel=\"canonical\" href=\"https:\/\/boothurengiethoorn.nl\/de\/kontakt\/anreise-aus-dem-sueden\/\" \/>\n<meta property=\"og:locale\" content=\"de_DE\" \/>\n<meta property=\"og:type\" content=\"article\" \/>\n<meta property=\"og:title\" content=\"Anreise aus dem S\u00fcden - Boothuren Giethoorn | Fluisterboot &amp; Sloep Huren in Giethoorn Noord &amp; Midden | Old Giethoorn\" \/>\n<meta property=\"og:description\" content=\"MIT DEM AUTO AUS DEM S\u00dcDEN (ZWOLLE) \u00dcBER DIE N334 (BEULAKERWEG): Fahren Sie an der Ausfahrt \u201eGiethoorn-Centrum\u201c vorbei. An der Br\u00fccke \u00fcber den Kanal auf Ihrer linken Seite (die Stra\u00dfe Richtung Dwarsgracht) fahren Sie einfach geradeaus weiter. Nach ca. 1,0 km nehmen Sie die Abzweigung nach rechts. Abfahrt \u201eGiethoorn-Middenbuurt\u201c. Diese Stra\u00dfe hei\u00dft \u201eDe Deukten\u201c. Folgen [&hellip;]\" \/>\n<meta property=\"og:url\" content=\"https:\/\/boothurengiethoorn.nl\/de\/kontakt\/anreise-aus-dem-sueden\/\" \/>\n<meta property=\"og:site_name\" content=\"Boothuren Giethoorn | Fluisterboot &amp; Sloep Huren in Giethoorn Noord &amp; Midden | Old Giethoorn\" \/>\n<meta property=\"article:modified_time\" content=\"2026-03-02T07:46:00+00:00\" \/>\n<meta property=\"og:image\" content=\"https:\/\/boothurengiethoorn.nl\/wp-content\/uploads\/2025\/02\/Knipsel.jpg\" \/>\n\t<meta property=\"og:image:width\" content=\"650\" \/>\n\t<meta property=\"og:image:height\" content=\"825\" \/>\n\t<meta property=\"og:image:type\" content=\"image\/jpeg\" \/>\n<meta name=\"twitter:card\" content=\"summary_large_image\" \/>\n<meta name=\"twitter:label1\" content=\"Gesch\u00e4tzte Lesezeit\" \/>\n\t<meta name=\"twitter:data1\" content=\"2\u00a0Minuten\" \/>\n<script type=\"application\/ld+json\" class=\"yoast-schema-graph\">{\"@context\":\"https:\\\/\\\/schema.org\",\"@graph\":[{\"@type\":\"WebPage\",\"@id\":\"https:\\\/\\\/boothurengiethoorn.nl\\\/de\\\/kontakt\\\/anreise-aus-dem-sueden\\\/\",\"url\":\"https:\\\/\\\/boothurengiethoorn.nl\\\/de\\\/kontakt\\\/anreise-aus-dem-sueden\\\/\",\"name\":\"Anreise aus dem S\u00fcden - Boothuren Giethoorn | Fluisterboot &amp; Sloep Huren in Giethoorn Noord &amp; Midden | Old Giethoorn\",\"isPartOf\":{\"@id\":\"https:\\\/\\\/boothurengiethoorn.nl\\\/de\\\/#website\"},\"primaryImageOfPage\":{\"@id\":\"https:\\\/\\\/boothurengiethoorn.nl\\\/de\\\/kontakt\\\/anreise-aus-dem-sueden\\\/#primaryimage\"},\"image\":{\"@id\":\"https:\\\/\\\/boothurengiethoorn.nl\\\/de\\\/kontakt\\\/anreise-aus-dem-sueden\\\/#primaryimage\"},\"thumbnailUrl\":\"https:\\\/\\\/www.boothurengiethoorn.nl\\\/wp-content\\\/uploads\\\/2025\\\/02\\\/Knipsel.jpg\",\"datePublished\":\"2025-02-19T07:38:00+00:00\",\"dateModified\":\"2026-03-02T07:46:00+00:00\",\"breadcrumb\":{\"@id\":\"https:\\\/\\\/boothurengiethoorn.nl\\\/de\\\/kontakt\\\/anreise-aus-dem-sueden\\\/#breadcrumb\"},\"inLanguage\":\"de\",\"potentialAction\":[{\"@type\":\"ReadAction\",\"target\":[\"https:\\\/\\\/boothurengiethoorn.nl\\\/de\\\/kontakt\\\/anreise-aus-dem-sueden\\\/\"]}]},{\"@type\":\"ImageObject\",\"inLanguage\":\"de\",\"@id\":\"https:\\\/\\\/boothurengiethoorn.nl\\\/de\\\/kontakt\\\/anreise-aus-dem-sueden\\\/#primaryimage\",\"url\":\"https:\\\/\\\/www.boothurengiethoorn.nl\\\/wp-content\\\/uploads\\\/2025\\\/02\\\/Knipsel.jpg\",\"contentUrl\":\"https:\\\/\\\/www.boothurengiethoorn.nl\\\/wp-content\\\/uploads\\\/2025\\\/02\\\/Knipsel.jpg\"},{\"@type\":\"BreadcrumbList\",\"@id\":\"https:\\\/\\\/boothurengiethoorn.nl\\\/de\\\/kontakt\\\/anreise-aus-dem-sueden\\\/#breadcrumb\",\"itemListElement\":[{\"@type\":\"ListItem\",\"position\":1,\"name\":\"Home\",\"item\":\"https:\\\/\\\/boothurengiethoorn.nl\\\/de\\\/\"},{\"@type\":\"ListItem\",\"position\":2,\"name\":\"Kontakt\",\"item\":\"https:\\\/\\\/boothurengiethoorn.nl\\\/de\\\/kontakt\\\/\"},{\"@type\":\"ListItem\",\"position\":3,\"name\":\"Anreise aus dem S\u00fcden\"}]},{\"@type\":\"WebSite\",\"@id\":\"https:\\\/\\\/boothurengiethoorn.nl\\\/de\\\/#website\",\"url\":\"https:\\\/\\\/boothurengiethoorn.nl\\\/de\\\/\",\"name\":\"Boothuren Giethoorn | Fluisterboot &amp; Sloep Huren in Giethoorn Noord &amp; Midden | Old Giethoorn\",\"description\":\"\",\"publisher\":{\"@id\":\"https:\\\/\\\/boothurengiethoorn.nl\\\/de\\\/#organization\"},\"potentialAction\":[{\"@type\":\"SearchAction\",\"target\":{\"@type\":\"EntryPoint\",\"urlTemplate\":\"https:\\\/\\\/boothurengiethoorn.nl\\\/de\\\/?s={search_term_string}\"},\"query-input\":{\"@type\":\"PropertyValueSpecification\",\"valueRequired\":true,\"valueName\":\"search_term_string\"}}],\"inLanguage\":\"de\"},{\"@type\":\"Organization\",\"@id\":\"https:\\\/\\\/boothurengiethoorn.nl\\\/de\\\/#organization\",\"name\":\"Boothuren Giethoorn | Fluisterboot &amp; Sloep Huren in Giethoorn Noord &amp; Midden | Old Giethoorn\",\"url\":\"https:\\\/\\\/boothurengiethoorn.nl\\\/de\\\/\",\"logo\":{\"@type\":\"ImageObject\",\"inLanguage\":\"de\",\"@id\":\"https:\\\/\\\/boothurengiethoorn.nl\\\/de\\\/#\\\/schema\\\/logo\\\/image\\\/\",\"url\":\"https:\\\/\\\/boothurengiethoorn.nl\\\/wp-content\\\/uploads\\\/2025\\\/01\\\/homebutton.svg\",\"contentUrl\":\"https:\\\/\\\/boothurengiethoorn.nl\\\/wp-content\\\/uploads\\\/2025\\\/01\\\/homebutton.svg\",\"caption\":\"Boothuren Giethoorn | Fluisterboot &amp; Sloep Huren in Giethoorn Noord &amp; Midden | Old Giethoorn\"},\"image\":{\"@id\":\"https:\\\/\\\/boothurengiethoorn.nl\\\/de\\\/#\\\/schema\\\/logo\\\/image\\\/\"}}]}<\/script>\n<!-- \/ Yoast SEO plugin. -->","yoast_head_json":{"title":"Anreise aus dem S\u00fcden - Boothuren Giethoorn | Fluisterboot &amp; Sloep Huren in Giethoorn Noord &amp; Midden | Old Giethoorn","robots":{"index":"index","follow":"follow","max-snippet":"max-snippet:-1","max-image-preview":"max-image-preview:large","max-video-preview":"max-video-preview:-1"},"canonical":"https:\/\/boothurengiethoorn.nl\/de\/kontakt\/anreise-aus-dem-sueden\/","og_locale":"de_DE","og_type":"article","og_title":"Anreise aus dem S\u00fcden - Boothuren Giethoorn | Fluisterboot &amp; Sloep Huren in Giethoorn Noord &amp; Midden | Old Giethoorn","og_description":"MIT DEM AUTO AUS DEM S\u00dcDEN (ZWOLLE) \u00dcBER DIE N334 (BEULAKERWEG): Fahren Sie an der Ausfahrt \u201eGiethoorn-Centrum\u201c vorbei. An der Br\u00fccke \u00fcber den Kanal auf Ihrer linken Seite (die Stra\u00dfe Richtung Dwarsgracht) fahren Sie einfach geradeaus weiter. Nach ca. 1,0 km nehmen Sie die Abzweigung nach rechts. Abfahrt \u201eGiethoorn-Middenbuurt\u201c. Diese Stra\u00dfe hei\u00dft \u201eDe Deukten\u201c. Folgen [&hellip;]","og_url":"https:\/\/boothurengiethoorn.nl\/de\/kontakt\/anreise-aus-dem-sueden\/","og_site_name":"Boothuren Giethoorn | Fluisterboot &amp; Sloep Huren in Giethoorn Noord &amp; Midden | Old Giethoorn","article_modified_time":"2026-03-02T07:46:00+00:00","og_image":[{"width":650,"height":825,"url":"https:\/\/boothurengiethoorn.nl\/wp-content\/uploads\/2025\/02\/Knipsel.jpg","type":"image\/jpeg"}],"twitter_card":"summary_large_image","twitter_misc":{"Gesch\u00e4tzte Lesezeit":"2\u00a0Minuten"},"schema":{"@context":"https:\/\/schema.org","@graph":[{"@type":"WebPage","@id":"https:\/\/boothurengiethoorn.nl\/de\/kontakt\/anreise-aus-dem-sueden\/","url":"https:\/\/boothurengiethoorn.nl\/de\/kontakt\/anreise-aus-dem-sueden\/","name":"Anreise aus dem S\u00fcden - Boothuren Giethoorn | Fluisterboot &amp; Sloep Huren in Giethoorn Noord &amp; Midden | Old Giethoorn","isPartOf":{"@id":"https:\/\/boothurengiethoorn.nl\/de\/#website"},"primaryImageOfPage":{"@id":"https:\/\/boothurengiethoorn.nl\/de\/kontakt\/anreise-aus-dem-sueden\/#primaryimage"},"image":{"@id":"https:\/\/boothurengiethoorn.nl\/de\/kontakt\/anreise-aus-dem-sueden\/#primaryimage"},"thumbnailUrl":"https:\/\/www.boothurengiethoorn.nl\/wp-content\/uploads\/2025\/02\/Knipsel.jpg","datePublished":"2025-02-19T07:38:00+00:00","dateModified":"2026-03-02T07:46:00+00:00","breadcrumb":{"@id":"https:\/\/boothurengiethoorn.nl\/de\/kontakt\/anreise-aus-dem-sueden\/#breadcrumb"},"inLanguage":"de","potentialAction":[{"@type":"ReadAction","target":["https:\/\/boothurengiethoorn.nl\/de\/kontakt\/anreise-aus-dem-sueden\/"]}]},{"@type":"ImageObject","inLanguage":"de","@id":"https:\/\/boothurengiethoorn.nl\/de\/kontakt\/anreise-aus-dem-sueden\/#primaryimage","url":"https:\/\/www.boothurengiethoorn.nl\/wp-content\/uploads\/2025\/02\/Knipsel.jpg","contentUrl":"https:\/\/www.boothurengiethoorn.nl\/wp-content\/uploads\/2025\/02\/Knipsel.jpg"},{"@type":"BreadcrumbList","@id":"https:\/\/boothurengiethoorn.nl\/de\/kontakt\/anreise-aus-dem-sueden\/#breadcrumb","itemListElement":[{"@type":"ListItem","position":1,"name":"Home","item":"https:\/\/boothurengiethoorn.nl\/de\/"},{"@type":"ListItem","position":2,"name":"Kontakt","item":"https:\/\/boothurengiethoorn.nl\/de\/kontakt\/"},{"@type":"ListItem","position":3,"name":"Anreise aus dem S\u00fcden"}]},{"@type":"WebSite","@id":"https:\/\/boothurengiethoorn.nl\/de\/#website","url":"https:\/\/boothurengiethoorn.nl\/de\/","name":"Boothuren Giethoorn | Fluisterboot &amp; Sloep Huren in Giethoorn Noord &amp; Midden | Old Giethoorn","description":"","publisher":{"@id":"https:\/\/boothurengiethoorn.nl\/de\/#organization"},"potentialAction":[{"@type":"SearchAction","target":{"@type":"EntryPoint","urlTemplate":"https:\/\/boothurengiethoorn.nl\/de\/?s={search_term_string}"},"query-input":{"@type":"PropertyValueSpecification","valueRequired":true,"valueName":"search_term_string"}}],"inLanguage":"de"},{"@type":"Organization","@id":"https:\/\/boothurengiethoorn.nl\/de\/#organization","name":"Boothuren Giethoorn | Fluisterboot &amp; Sloep Huren in Giethoorn Noord &amp; Midden | Old Giethoorn","url":"https:\/\/boothurengiethoorn.nl\/de\/","logo":{"@type":"ImageObject","inLanguage":"de","@id":"https:\/\/boothurengiethoorn.nl\/de\/#\/schema\/logo\/image\/","url":"https:\/\/boothurengiethoorn.nl\/wp-content\/uploads\/2025\/01\/homebutton.svg","contentUrl":"https:\/\/boothurengiethoorn.nl\/wp-content\/uploads\/2025\/01\/homebutton.svg","caption":"Boothuren Giethoorn | Fluisterboot &amp; Sloep Huren in Giethoorn Noord &amp; Midden | Old Giethoorn"},"image":{"@id":"https:\/\/boothurengiethoorn.nl\/de\/#\/schema\/logo\/image\/"}}]}},"_links":{"self":[{"href":"https:\/\/boothurengiethoorn.nl\/de\/wp-json\/wp\/v2\/pages\/2132","targetHints":{"allow":["GET"]}}],"collection":[{"href":"https:\/\/boothurengiethoorn.nl\/de\/wp-json\/wp\/v2\/pages"}],"about":[{"href":"https:\/\/boothurengiethoorn.nl\/de\/wp-json\/wp\/v2\/types\/page"}],"author":[{"embeddable":true,"href":"https:\/\/boothurengiethoorn.nl\/de\/wp-json\/wp\/v2\/users\/2"}],"replies":[{"embeddable":true,"href":"https:\/\/boothurengiethoorn.nl\/de\/wp-json\/wp\/v2\/comments?post=2132"}],"version-history":[{"count":1,"href":"https:\/\/boothurengiethoorn.nl\/de\/wp-json\/wp\/v2\/pages\/2132\/revisions"}],"predecessor-version":[{"id":2133,"href":"https:\/\/boothurengiethoorn.nl\/de\/wp-json\/wp\/v2\/pages\/2132\/revisions\/2133"}],"up":[{"embeddable":true,"href":"https:\/\/boothurengiethoorn.nl\/de\/wp-json\/wp\/v2\/pages\/2015"}],"wp:attachment":[{"href":"https:\/\/boothurengiethoorn.nl\/de\/wp-json\/wp\/v2\/media?parent=2132"}],"curies":[{"name":"wp","href":"https:\/\/api.w.org\/{rel}","templated":true}]}}