{"id":2148,"date":"2025-02-19T09:38:45","date_gmt":"2025-02-19T07:38:45","guid":{"rendered":"https:\/\/boothurengiethoorn.nl\/?page_id=2148"},"modified":"2026-03-02T10:02:09","modified_gmt":"2026-03-02T08:02:09","slug":"zu-fuss-oder-per-fahrrad","status":"publish","type":"page","link":"https:\/\/boothurengiethoorn.nl\/de\/kontakt\/zu-fuss-oder-per-fahrrad\/","title":{"rendered":"Zu Fu\u00df oder per Fahrrad"},"content":{"rendered":"<h3>Fu\u00dfweg-Route Giethoorn:<\/h3>\n<ul>\n<li>Nehmen Sie die Ausfahrt \u201eCentrum Giethoorn\u201c.<\/li>\n<li>Gehen Sie die gesamte Boulevardstra\u00dfe (Ds. Hylkemaweg) bis zum Ende hinunter, hinter der Kirche.<\/li>\n<li>Gehen Sie \u00fcber die kleine Holzbr\u00fccke und laufen Sie um die Kirche herum.<\/li>\n<li>Am Wasser (Dorpsgracht) neben der Kirche sehen Sie eine hohe Br\u00fccke \u00fcber den Kanal.<\/li>\n<li>Gehen Sie \u00fcber die hohe Br\u00fccke und folgen Sie der Dorpsgracht.<\/li>\n<li>Nach der zweiten hohen Br\u00fccke befindet sich das Wasser (Dorpsgracht) nun auf Ihrer rechten Seite.<\/li>\n<li>Folgen Sie dem Weg weitere 50 Meter und Sie sehen links das Recreatiebedrijf Geythorn, Binnenpad 42.<\/li>\n<\/ul>\n<p><strong>ENDE:<\/strong> Hier m\u00fcssen Sie sein, wenn Sie hier reserviert haben oder wenn Sie Ihren Tag mit frischem Kaffee oder einem leckeren Snack beginnen m\u00f6chten.<\/p>\n<p><strong>FORTSETZUNG:<\/strong> Folgen Sie dem Weg weiter, wenn Sie bei Broer Botenverhuur, Binnenpad 16, reserviert haben.<\/p>\n<p>Dies sind nur weitere 200 Meter zu Fu\u00df.<\/p>\n<ul>\n<li>Folgen Sie dem Weg; nach 100 Metern sehen Sie rechts \u00fcber dem Wasser das Museum \u201eDe Oude Aarde\u201c. Folgen Sie dem Weg weiter.<\/li>\n<li>Nach weiteren 100 Metern sehen Sie links Broer Botenverhuur, Binnenpad 16.<\/li>\n<\/ul>\n<p><strong>ENDE:<\/strong> Hier m\u00fcssen Sie sein, wenn Sie bei Broer Botenverhuur reserviert haben.<\/p>\n<h3>Mit dem Fahrrad?<\/h3>\n<p>Sie k\u00f6nnen die Wegbeschreibung f\u00fcr Autos verwenden und Ihr Fahrrad bei beiden Standorten abstellen.<br \/>\nWir sind ein offizieller ANWB-Servicepunkt und Ladestation f\u00fcr E-Bikes!<\/p>\n<div class=\"video-container\"><iframe loading=\"lazy\" style=\"border: 0;\" src=\"https:\/\/www.google.com\/maps\/embed?pb=!1m28!1m12!1m3!1d6670.106182779081!2d6.077617124598263!3d52.72949452464325!2m3!1f0!2f0!3f0!3m2!1i1024!2i768!4f13.1!4m13!3e6!4m5!1s0x47c86e25d349d32b%3A0x757cd8cf7311ccbd!2sRecreatiebedrijf+Geythorn%2C+Binnenpad%2C+Giethoorn!3m2!1d52.7237625!2d6.090052099999999!4m5!1s0x47c86e28ba63c8f1%3A0xb7511d29f0801508!2sN334%2C+Giethoorn!3m2!1d52.7335469!2d6.0773313!5e0!3m2!1snl!2snl!4v1443098387481\" width=\"600\" height=\"450\" frameborder=\"0\" allowfullscreen=\"allowfullscreen\"><br \/>\n<\/iframe><\/div>\n","protected":false},"excerpt":{"rendered":"<div class=\"-mb-10 md:-mb-20\"><p>Fu\u00dfweg-Route Giethoorn: Nehmen Sie die Ausfahrt \u201eCentrum Giethoorn\u201c. Gehen Sie die gesamte Boulevardstra\u00dfe (Ds. Hylkemaweg) bis zum Ende hinunter, hinter der Kirche. Gehen Sie \u00fcber die kleine Holzbr\u00fccke und laufen Sie um die Kirche herum. Am Wasser (Dorpsgracht) neben der Kirche sehen Sie eine hohe Br\u00fccke \u00fcber den Kanal. Gehen Sie \u00fcber die hohe Br\u00fccke [&hellip;]<\/p>\n<\/div>","protected":false},"author":2,"featured_media":0,"parent":2015,"menu_order":0,"comment_status":"closed","ping_status":"closed","template":"","meta":{"_acf_changed":false,"footnotes":""},"class_list":["post-2148","page","type-page","status-publish","hentry"],"acf":[],"yoast_head":"<!-- This site is optimized with the Yoast SEO plugin v27.5 - https:\/\/yoast.com\/product\/yoast-seo-wordpress\/ -->\n<title>Zu Fu\u00df oder per Fahrrad - Boothuren Giethoorn | Fluisterboot &amp; Sloep Huren in Giethoorn Noord &amp; Midden | Old Giethoorn<\/title>\n<meta name=\"robots\" content=\"index, follow, max-snippet:-1, max-image-preview:large, max-video-preview:-1\" \/>\n<link rel=\"canonical\" href=\"https:\/\/boothurengiethoorn.nl\/de\/kontakt\/zu-fuss-oder-per-fahrrad\/\" \/>\n<meta property=\"og:locale\" content=\"de_DE\" \/>\n<meta property=\"og:type\" content=\"article\" \/>\n<meta property=\"og:title\" content=\"Zu Fu\u00df oder per Fahrrad - Boothuren Giethoorn | Fluisterboot &amp; Sloep Huren in Giethoorn Noord &amp; Midden | Old Giethoorn\" \/>\n<meta property=\"og:description\" content=\"Fu\u00dfweg-Route Giethoorn: Nehmen Sie die Ausfahrt \u201eCentrum Giethoorn\u201c. Gehen Sie die gesamte Boulevardstra\u00dfe (Ds. Hylkemaweg) bis zum Ende hinunter, hinter der Kirche. Gehen Sie \u00fcber die kleine Holzbr\u00fccke und laufen Sie um die Kirche herum. Am Wasser (Dorpsgracht) neben der Kirche sehen Sie eine hohe Br\u00fccke \u00fcber den Kanal. Gehen Sie \u00fcber die hohe Br\u00fccke [&hellip;]\" \/>\n<meta property=\"og:url\" content=\"https:\/\/boothurengiethoorn.nl\/de\/kontakt\/zu-fuss-oder-per-fahrrad\/\" \/>\n<meta property=\"og:site_name\" content=\"Boothuren Giethoorn | Fluisterboot &amp; Sloep Huren in Giethoorn Noord &amp; Midden | Old Giethoorn\" \/>\n<meta property=\"article:modified_time\" content=\"2026-03-02T08:02:09+00:00\" \/>\n<meta name=\"twitter:card\" content=\"summary_large_image\" \/>\n<meta name=\"twitter:label1\" content=\"Gesch\u00e4tzte Lesezeit\" \/>\n\t<meta name=\"twitter:data1\" content=\"2\u00a0Minuten\" \/>\n<script type=\"application\/ld+json\" class=\"yoast-schema-graph\">{\"@context\":\"https:\\\/\\\/schema.org\",\"@graph\":[{\"@type\":\"WebPage\",\"@id\":\"https:\\\/\\\/boothurengiethoorn.nl\\\/de\\\/kontakt\\\/zu-fuss-oder-per-fahrrad\\\/\",\"url\":\"https:\\\/\\\/boothurengiethoorn.nl\\\/de\\\/kontakt\\\/zu-fuss-oder-per-fahrrad\\\/\",\"name\":\"Zu Fu\u00df oder per Fahrrad - Boothuren Giethoorn | Fluisterboot &amp; Sloep Huren in Giethoorn Noord &amp; Midden | Old Giethoorn\",\"isPartOf\":{\"@id\":\"https:\\\/\\\/boothurengiethoorn.nl\\\/de\\\/#website\"},\"datePublished\":\"2025-02-19T07:38:45+00:00\",\"dateModified\":\"2026-03-02T08:02:09+00:00\",\"breadcrumb\":{\"@id\":\"https:\\\/\\\/boothurengiethoorn.nl\\\/de\\\/kontakt\\\/zu-fuss-oder-per-fahrrad\\\/#breadcrumb\"},\"inLanguage\":\"de\",\"potentialAction\":[{\"@type\":\"ReadAction\",\"target\":[\"https:\\\/\\\/boothurengiethoorn.nl\\\/de\\\/kontakt\\\/zu-fuss-oder-per-fahrrad\\\/\"]}]},{\"@type\":\"BreadcrumbList\",\"@id\":\"https:\\\/\\\/boothurengiethoorn.nl\\\/de\\\/kontakt\\\/zu-fuss-oder-per-fahrrad\\\/#breadcrumb\",\"itemListElement\":[{\"@type\":\"ListItem\",\"position\":1,\"name\":\"Home\",\"item\":\"https:\\\/\\\/boothurengiethoorn.nl\\\/de\\\/\"},{\"@type\":\"ListItem\",\"position\":2,\"name\":\"Kontakt\",\"item\":\"https:\\\/\\\/boothurengiethoorn.nl\\\/de\\\/kontakt\\\/\"},{\"@type\":\"ListItem\",\"position\":3,\"name\":\"Zu Fu\u00df oder per Fahrrad\"}]},{\"@type\":\"WebSite\",\"@id\":\"https:\\\/\\\/boothurengiethoorn.nl\\\/de\\\/#website\",\"url\":\"https:\\\/\\\/boothurengiethoorn.nl\\\/de\\\/\",\"name\":\"Boothuren Giethoorn | Fluisterboot &amp; Sloep Huren in Giethoorn Noord &amp; Midden | Old Giethoorn\",\"description\":\"\",\"publisher\":{\"@id\":\"https:\\\/\\\/boothurengiethoorn.nl\\\/de\\\/#organization\"},\"potentialAction\":[{\"@type\":\"SearchAction\",\"target\":{\"@type\":\"EntryPoint\",\"urlTemplate\":\"https:\\\/\\\/boothurengiethoorn.nl\\\/de\\\/?s={search_term_string}\"},\"query-input\":{\"@type\":\"PropertyValueSpecification\",\"valueRequired\":true,\"valueName\":\"search_term_string\"}}],\"inLanguage\":\"de\"},{\"@type\":\"Organization\",\"@id\":\"https:\\\/\\\/boothurengiethoorn.nl\\\/de\\\/#organization\",\"name\":\"Boothuren Giethoorn | Fluisterboot &amp; Sloep Huren in Giethoorn Noord &amp; Midden | Old Giethoorn\",\"url\":\"https:\\\/\\\/boothurengiethoorn.nl\\\/de\\\/\",\"logo\":{\"@type\":\"ImageObject\",\"inLanguage\":\"de\",\"@id\":\"https:\\\/\\\/boothurengiethoorn.nl\\\/de\\\/#\\\/schema\\\/logo\\\/image\\\/\",\"url\":\"https:\\\/\\\/boothurengiethoorn.nl\\\/wp-content\\\/uploads\\\/2025\\\/01\\\/homebutton.svg\",\"contentUrl\":\"https:\\\/\\\/boothurengiethoorn.nl\\\/wp-content\\\/uploads\\\/2025\\\/01\\\/homebutton.svg\",\"caption\":\"Boothuren Giethoorn | Fluisterboot &amp; Sloep Huren in Giethoorn Noord &amp; Midden | Old Giethoorn\"},\"image\":{\"@id\":\"https:\\\/\\\/boothurengiethoorn.nl\\\/de\\\/#\\\/schema\\\/logo\\\/image\\\/\"}}]}<\/script>\n<!-- \/ Yoast SEO plugin. -->","yoast_head_json":{"title":"Zu Fu\u00df oder per Fahrrad - Boothuren Giethoorn | Fluisterboot &amp; Sloep Huren in Giethoorn Noord &amp; Midden | Old Giethoorn","robots":{"index":"index","follow":"follow","max-snippet":"max-snippet:-1","max-image-preview":"max-image-preview:large","max-video-preview":"max-video-preview:-1"},"canonical":"https:\/\/boothurengiethoorn.nl\/de\/kontakt\/zu-fuss-oder-per-fahrrad\/","og_locale":"de_DE","og_type":"article","og_title":"Zu Fu\u00df oder per Fahrrad - Boothuren Giethoorn | Fluisterboot &amp; Sloep Huren in Giethoorn Noord &amp; Midden | Old Giethoorn","og_description":"Fu\u00dfweg-Route Giethoorn: Nehmen Sie die Ausfahrt \u201eCentrum Giethoorn\u201c. Gehen Sie die gesamte Boulevardstra\u00dfe (Ds. Hylkemaweg) bis zum Ende hinunter, hinter der Kirche. Gehen Sie \u00fcber die kleine Holzbr\u00fccke und laufen Sie um die Kirche herum. Am Wasser (Dorpsgracht) neben der Kirche sehen Sie eine hohe Br\u00fccke \u00fcber den Kanal. Gehen Sie \u00fcber die hohe Br\u00fccke [&hellip;]","og_url":"https:\/\/boothurengiethoorn.nl\/de\/kontakt\/zu-fuss-oder-per-fahrrad\/","og_site_name":"Boothuren Giethoorn | Fluisterboot &amp; Sloep Huren in Giethoorn Noord &amp; Midden | Old Giethoorn","article_modified_time":"2026-03-02T08:02:09+00:00","twitter_card":"summary_large_image","twitter_misc":{"Gesch\u00e4tzte Lesezeit":"2\u00a0Minuten"},"schema":{"@context":"https:\/\/schema.org","@graph":[{"@type":"WebPage","@id":"https:\/\/boothurengiethoorn.nl\/de\/kontakt\/zu-fuss-oder-per-fahrrad\/","url":"https:\/\/boothurengiethoorn.nl\/de\/kontakt\/zu-fuss-oder-per-fahrrad\/","name":"Zu Fu\u00df oder per Fahrrad - Boothuren Giethoorn | Fluisterboot &amp; Sloep Huren in Giethoorn Noord &amp; Midden | Old Giethoorn","isPartOf":{"@id":"https:\/\/boothurengiethoorn.nl\/de\/#website"},"datePublished":"2025-02-19T07:38:45+00:00","dateModified":"2026-03-02T08:02:09+00:00","breadcrumb":{"@id":"https:\/\/boothurengiethoorn.nl\/de\/kontakt\/zu-fuss-oder-per-fahrrad\/#breadcrumb"},"inLanguage":"de","potentialAction":[{"@type":"ReadAction","target":["https:\/\/boothurengiethoorn.nl\/de\/kontakt\/zu-fuss-oder-per-fahrrad\/"]}]},{"@type":"BreadcrumbList","@id":"https:\/\/boothurengiethoorn.nl\/de\/kontakt\/zu-fuss-oder-per-fahrrad\/#breadcrumb","itemListElement":[{"@type":"ListItem","position":1,"name":"Home","item":"https:\/\/boothurengiethoorn.nl\/de\/"},{"@type":"ListItem","position":2,"name":"Kontakt","item":"https:\/\/boothurengiethoorn.nl\/de\/kontakt\/"},{"@type":"ListItem","position":3,"name":"Zu Fu\u00df oder per Fahrrad"}]},{"@type":"WebSite","@id":"https:\/\/boothurengiethoorn.nl\/de\/#website","url":"https:\/\/boothurengiethoorn.nl\/de\/","name":"Boothuren Giethoorn | Fluisterboot &amp; Sloep Huren in Giethoorn Noord &amp; Midden | Old Giethoorn","description":"","publisher":{"@id":"https:\/\/boothurengiethoorn.nl\/de\/#organization"},"potentialAction":[{"@type":"SearchAction","target":{"@type":"EntryPoint","urlTemplate":"https:\/\/boothurengiethoorn.nl\/de\/?s={search_term_string}"},"query-input":{"@type":"PropertyValueSpecification","valueRequired":true,"valueName":"search_term_string"}}],"inLanguage":"de"},{"@type":"Organization","@id":"https:\/\/boothurengiethoorn.nl\/de\/#organization","name":"Boothuren Giethoorn | Fluisterboot &amp; Sloep Huren in Giethoorn Noord &amp; Midden | Old Giethoorn","url":"https:\/\/boothurengiethoorn.nl\/de\/","logo":{"@type":"ImageObject","inLanguage":"de","@id":"https:\/\/boothurengiethoorn.nl\/de\/#\/schema\/logo\/image\/","url":"https:\/\/boothurengiethoorn.nl\/wp-content\/uploads\/2025\/01\/homebutton.svg","contentUrl":"https:\/\/boothurengiethoorn.nl\/wp-content\/uploads\/2025\/01\/homebutton.svg","caption":"Boothuren Giethoorn | Fluisterboot &amp; Sloep Huren in Giethoorn Noord &amp; Midden | Old Giethoorn"},"image":{"@id":"https:\/\/boothurengiethoorn.nl\/de\/#\/schema\/logo\/image\/"}}]}},"_links":{"self":[{"href":"https:\/\/boothurengiethoorn.nl\/de\/wp-json\/wp\/v2\/pages\/2148","targetHints":{"allow":["GET"]}}],"collection":[{"href":"https:\/\/boothurengiethoorn.nl\/de\/wp-json\/wp\/v2\/pages"}],"about":[{"href":"https:\/\/boothurengiethoorn.nl\/de\/wp-json\/wp\/v2\/types\/page"}],"author":[{"embeddable":true,"href":"https:\/\/boothurengiethoorn.nl\/de\/wp-json\/wp\/v2\/users\/2"}],"replies":[{"embeddable":true,"href":"https:\/\/boothurengiethoorn.nl\/de\/wp-json\/wp\/v2\/comments?post=2148"}],"version-history":[{"count":1,"href":"https:\/\/boothurengiethoorn.nl\/de\/wp-json\/wp\/v2\/pages\/2148\/revisions"}],"predecessor-version":[{"id":2149,"href":"https:\/\/boothurengiethoorn.nl\/de\/wp-json\/wp\/v2\/pages\/2148\/revisions\/2149"}],"up":[{"embeddable":true,"href":"https:\/\/boothurengiethoorn.nl\/de\/wp-json\/wp\/v2\/pages\/2015"}],"wp:attachment":[{"href":"https:\/\/boothurengiethoorn.nl\/de\/wp-json\/wp\/v2\/media?parent=2148"}],"curies":[{"name":"wp","href":"https:\/\/api.w.org\/{rel}","templated":true}]}}