{"id":2177,"date":"2025-02-17T11:21:32","date_gmt":"2025-02-17T09:21:32","guid":{"rendered":"https:\/\/boothurengiethoorn.nl\/?page_id=2177"},"modified":"2026-03-02T10:31:55","modified_gmt":"2026-03-02T08:31:55","slug":"arrangementen-giethoorn","status":"publish","type":"page","link":"https:\/\/boothurengiethoorn.nl\/de\/arrangementen-giethoorn\/","title":{"rendered":"Arrangementen Giethoorn"},"content":{"rendered":"<p>F\u00fcr Familien, Schulen, Unternehmen oder Vereine haben wir lustige, lehrreiche, sportliche und gem\u00fctliche Arrangements zusammengestellt. Wie w\u00e4re es zum Beispiel mit einem Tag Bootfahren durch Giethoorn, gefolgt von Pommes und Snacks? Nat\u00fcrlich k\u00f6nnen Sie Ihren Tag auch ganz nach Ihren eigenen W\u00fcnschen gestalten. Unser begeistertes und erfahrenes Team gibt sein Bestes, um Ihren Tag zu einem gro\u00dfen Erfolg zu machen.<\/p>\n<h2>Schulausflug nach Giethoorn oder Einf\u00fchrungstage<\/h2>\n<p>Speziell f\u00fcr Schulen bieten wir ein kleines Men\u00fc zu einem besonders g\u00fcnstigen Preis an! (Pommes mit Mayonnaise, eine Kroket oder Frikandel und Eis zum Nachtisch) f\u00fcr nur \u20ac 5,75.<\/p>\n<p>Um das Schulreise-Essen zu reservieren, senden Sie bitte eine E-Mail an<br \/>\n<a href=\"mailto:info@geythorn.nl\"><strong>info@geythorn.nl<\/strong><\/a><br \/>\noder rufen Sie uns an unter<br \/>\n<a href=\"tel:+31521361954\">+31 (0)521 361954<\/a>.<\/p>\n<p>Oder sehen Sie sich das komplette<br \/>\n<a href=\"https:\/\/boothurengiethoorn.nl\/schoolreis-kleinebeurs\">Schulreise-Arrangement<\/a><br \/>\nan.<\/p>\n","protected":false},"excerpt":{"rendered":"<div class=\"-mb-10 md:-mb-20\"><p>F\u00fcr Familien, Schulen, Unternehmen oder Vereine haben wir lustige, lehrreiche, sportliche und gem\u00fctliche Arrangements zusammengestellt. Wie w\u00e4re es zum Beispiel mit einem Tag Bootfahren durch Giethoorn, gefolgt von Pommes und Snacks? Nat\u00fcrlich k\u00f6nnen Sie Ihren Tag auch ganz nach Ihren eigenen W\u00fcnschen gestalten. Unser begeistertes und erfahrenes Team gibt sein Bestes, um Ihren Tag zu [&hellip;]<\/p>\n<\/div>","protected":false},"author":2,"featured_media":0,"parent":0,"menu_order":0,"comment_status":"closed","ping_status":"closed","template":"","meta":{"_acf_changed":false,"footnotes":""},"class_list":["post-2177","page","type-page","status-publish","hentry"],"acf":[],"yoast_head":"<!-- This site is optimized with the Yoast SEO plugin v27.5 - https:\/\/yoast.com\/product\/yoast-seo-wordpress\/ -->\n<title>Arrangementen Giethoorn - Boothuren Giethoorn | Fluisterboot &amp; Sloep Huren in Giethoorn Noord &amp; Midden | Old Giethoorn<\/title>\n<meta name=\"robots\" content=\"index, follow, max-snippet:-1, max-image-preview:large, max-video-preview:-1\" \/>\n<link rel=\"canonical\" href=\"https:\/\/boothurengiethoorn.nl\/de\/arrangementen-giethoorn\/\" \/>\n<meta property=\"og:locale\" content=\"de_DE\" \/>\n<meta property=\"og:type\" content=\"article\" \/>\n<meta property=\"og:title\" content=\"Arrangementen Giethoorn - Boothuren Giethoorn | Fluisterboot &amp; Sloep Huren in Giethoorn Noord &amp; Midden | Old Giethoorn\" \/>\n<meta property=\"og:description\" content=\"F\u00fcr Familien, Schulen, Unternehmen oder Vereine haben wir lustige, lehrreiche, sportliche und gem\u00fctliche Arrangements zusammengestellt. Wie w\u00e4re es zum Beispiel mit einem Tag Bootfahren durch Giethoorn, gefolgt von Pommes und Snacks? Nat\u00fcrlich k\u00f6nnen Sie Ihren Tag auch ganz nach Ihren eigenen W\u00fcnschen gestalten. Unser begeistertes und erfahrenes Team gibt sein Bestes, um Ihren Tag zu [&hellip;]\" \/>\n<meta property=\"og:url\" content=\"https:\/\/boothurengiethoorn.nl\/de\/arrangementen-giethoorn\/\" \/>\n<meta property=\"og:site_name\" content=\"Boothuren Giethoorn | Fluisterboot &amp; Sloep Huren in Giethoorn Noord &amp; Midden | Old Giethoorn\" \/>\n<meta property=\"article:modified_time\" content=\"2026-03-02T08:31:55+00:00\" \/>\n<meta name=\"twitter:card\" content=\"summary_large_image\" \/>\n<meta name=\"twitter:label1\" content=\"Gesch\u00e4tzte Lesezeit\" \/>\n\t<meta name=\"twitter:data1\" content=\"1\u00a0Minute\" \/>\n<script type=\"application\/ld+json\" class=\"yoast-schema-graph\">{\"@context\":\"https:\\\/\\\/schema.org\",\"@graph\":[{\"@type\":\"WebPage\",\"@id\":\"https:\\\/\\\/boothurengiethoorn.nl\\\/de\\\/arrangementen-giethoorn\\\/\",\"url\":\"https:\\\/\\\/boothurengiethoorn.nl\\\/de\\\/arrangementen-giethoorn\\\/\",\"name\":\"Arrangementen Giethoorn - Boothuren Giethoorn | Fluisterboot &amp; Sloep Huren in Giethoorn Noord &amp; Midden | Old Giethoorn\",\"isPartOf\":{\"@id\":\"https:\\\/\\\/boothurengiethoorn.nl\\\/de\\\/#website\"},\"datePublished\":\"2025-02-17T09:21:32+00:00\",\"dateModified\":\"2026-03-02T08:31:55+00:00\",\"breadcrumb\":{\"@id\":\"https:\\\/\\\/boothurengiethoorn.nl\\\/de\\\/arrangementen-giethoorn\\\/#breadcrumb\"},\"inLanguage\":\"de\",\"potentialAction\":[{\"@type\":\"ReadAction\",\"target\":[\"https:\\\/\\\/boothurengiethoorn.nl\\\/de\\\/arrangementen-giethoorn\\\/\"]}]},{\"@type\":\"BreadcrumbList\",\"@id\":\"https:\\\/\\\/boothurengiethoorn.nl\\\/de\\\/arrangementen-giethoorn\\\/#breadcrumb\",\"itemListElement\":[{\"@type\":\"ListItem\",\"position\":1,\"name\":\"Home\",\"item\":\"https:\\\/\\\/boothurengiethoorn.nl\\\/de\\\/\"},{\"@type\":\"ListItem\",\"position\":2,\"name\":\"Arrangementen Giethoorn\"}]},{\"@type\":\"WebSite\",\"@id\":\"https:\\\/\\\/boothurengiethoorn.nl\\\/de\\\/#website\",\"url\":\"https:\\\/\\\/boothurengiethoorn.nl\\\/de\\\/\",\"name\":\"Boothuren Giethoorn | Fluisterboot &amp; Sloep Huren in Giethoorn Noord &amp; Midden | Old Giethoorn\",\"description\":\"\",\"publisher\":{\"@id\":\"https:\\\/\\\/boothurengiethoorn.nl\\\/de\\\/#organization\"},\"potentialAction\":[{\"@type\":\"SearchAction\",\"target\":{\"@type\":\"EntryPoint\",\"urlTemplate\":\"https:\\\/\\\/boothurengiethoorn.nl\\\/de\\\/?s={search_term_string}\"},\"query-input\":{\"@type\":\"PropertyValueSpecification\",\"valueRequired\":true,\"valueName\":\"search_term_string\"}}],\"inLanguage\":\"de\"},{\"@type\":\"Organization\",\"@id\":\"https:\\\/\\\/boothurengiethoorn.nl\\\/de\\\/#organization\",\"name\":\"Boothuren Giethoorn | Fluisterboot &amp; Sloep Huren in Giethoorn Noord &amp; Midden | Old Giethoorn\",\"url\":\"https:\\\/\\\/boothurengiethoorn.nl\\\/de\\\/\",\"logo\":{\"@type\":\"ImageObject\",\"inLanguage\":\"de\",\"@id\":\"https:\\\/\\\/boothurengiethoorn.nl\\\/de\\\/#\\\/schema\\\/logo\\\/image\\\/\",\"url\":\"https:\\\/\\\/boothurengiethoorn.nl\\\/wp-content\\\/uploads\\\/2025\\\/01\\\/homebutton.svg\",\"contentUrl\":\"https:\\\/\\\/boothurengiethoorn.nl\\\/wp-content\\\/uploads\\\/2025\\\/01\\\/homebutton.svg\",\"caption\":\"Boothuren Giethoorn | Fluisterboot &amp; Sloep Huren in Giethoorn Noord &amp; Midden | Old Giethoorn\"},\"image\":{\"@id\":\"https:\\\/\\\/boothurengiethoorn.nl\\\/de\\\/#\\\/schema\\\/logo\\\/image\\\/\"}}]}<\/script>\n<!-- \/ Yoast SEO plugin. -->","yoast_head_json":{"title":"Arrangementen Giethoorn - Boothuren Giethoorn | Fluisterboot &amp; Sloep Huren in Giethoorn Noord &amp; Midden | Old Giethoorn","robots":{"index":"index","follow":"follow","max-snippet":"max-snippet:-1","max-image-preview":"max-image-preview:large","max-video-preview":"max-video-preview:-1"},"canonical":"https:\/\/boothurengiethoorn.nl\/de\/arrangementen-giethoorn\/","og_locale":"de_DE","og_type":"article","og_title":"Arrangementen Giethoorn - Boothuren Giethoorn | Fluisterboot &amp; Sloep Huren in Giethoorn Noord &amp; Midden | Old Giethoorn","og_description":"F\u00fcr Familien, Schulen, Unternehmen oder Vereine haben wir lustige, lehrreiche, sportliche und gem\u00fctliche Arrangements zusammengestellt. Wie w\u00e4re es zum Beispiel mit einem Tag Bootfahren durch Giethoorn, gefolgt von Pommes und Snacks? Nat\u00fcrlich k\u00f6nnen Sie Ihren Tag auch ganz nach Ihren eigenen W\u00fcnschen gestalten. Unser begeistertes und erfahrenes Team gibt sein Bestes, um Ihren Tag zu [&hellip;]","og_url":"https:\/\/boothurengiethoorn.nl\/de\/arrangementen-giethoorn\/","og_site_name":"Boothuren Giethoorn | Fluisterboot &amp; Sloep Huren in Giethoorn Noord &amp; Midden | Old Giethoorn","article_modified_time":"2026-03-02T08:31:55+00:00","twitter_card":"summary_large_image","twitter_misc":{"Gesch\u00e4tzte Lesezeit":"1\u00a0Minute"},"schema":{"@context":"https:\/\/schema.org","@graph":[{"@type":"WebPage","@id":"https:\/\/boothurengiethoorn.nl\/de\/arrangementen-giethoorn\/","url":"https:\/\/boothurengiethoorn.nl\/de\/arrangementen-giethoorn\/","name":"Arrangementen Giethoorn - Boothuren Giethoorn | Fluisterboot &amp; Sloep Huren in Giethoorn Noord &amp; Midden | Old Giethoorn","isPartOf":{"@id":"https:\/\/boothurengiethoorn.nl\/de\/#website"},"datePublished":"2025-02-17T09:21:32+00:00","dateModified":"2026-03-02T08:31:55+00:00","breadcrumb":{"@id":"https:\/\/boothurengiethoorn.nl\/de\/arrangementen-giethoorn\/#breadcrumb"},"inLanguage":"de","potentialAction":[{"@type":"ReadAction","target":["https:\/\/boothurengiethoorn.nl\/de\/arrangementen-giethoorn\/"]}]},{"@type":"BreadcrumbList","@id":"https:\/\/boothurengiethoorn.nl\/de\/arrangementen-giethoorn\/#breadcrumb","itemListElement":[{"@type":"ListItem","position":1,"name":"Home","item":"https:\/\/boothurengiethoorn.nl\/de\/"},{"@type":"ListItem","position":2,"name":"Arrangementen Giethoorn"}]},{"@type":"WebSite","@id":"https:\/\/boothurengiethoorn.nl\/de\/#website","url":"https:\/\/boothurengiethoorn.nl\/de\/","name":"Boothuren Giethoorn | Fluisterboot &amp; Sloep Huren in Giethoorn Noord &amp; Midden | Old Giethoorn","description":"","publisher":{"@id":"https:\/\/boothurengiethoorn.nl\/de\/#organization"},"potentialAction":[{"@type":"SearchAction","target":{"@type":"EntryPoint","urlTemplate":"https:\/\/boothurengiethoorn.nl\/de\/?s={search_term_string}"},"query-input":{"@type":"PropertyValueSpecification","valueRequired":true,"valueName":"search_term_string"}}],"inLanguage":"de"},{"@type":"Organization","@id":"https:\/\/boothurengiethoorn.nl\/de\/#organization","name":"Boothuren Giethoorn | Fluisterboot &amp; Sloep Huren in Giethoorn Noord &amp; Midden | Old Giethoorn","url":"https:\/\/boothurengiethoorn.nl\/de\/","logo":{"@type":"ImageObject","inLanguage":"de","@id":"https:\/\/boothurengiethoorn.nl\/de\/#\/schema\/logo\/image\/","url":"https:\/\/boothurengiethoorn.nl\/wp-content\/uploads\/2025\/01\/homebutton.svg","contentUrl":"https:\/\/boothurengiethoorn.nl\/wp-content\/uploads\/2025\/01\/homebutton.svg","caption":"Boothuren Giethoorn | Fluisterboot &amp; Sloep Huren in Giethoorn Noord &amp; Midden | Old Giethoorn"},"image":{"@id":"https:\/\/boothurengiethoorn.nl\/de\/#\/schema\/logo\/image\/"}}]}},"_links":{"self":[{"href":"https:\/\/boothurengiethoorn.nl\/de\/wp-json\/wp\/v2\/pages\/2177","targetHints":{"allow":["GET"]}}],"collection":[{"href":"https:\/\/boothurengiethoorn.nl\/de\/wp-json\/wp\/v2\/pages"}],"about":[{"href":"https:\/\/boothurengiethoorn.nl\/de\/wp-json\/wp\/v2\/types\/page"}],"author":[{"embeddable":true,"href":"https:\/\/boothurengiethoorn.nl\/de\/wp-json\/wp\/v2\/users\/2"}],"replies":[{"embeddable":true,"href":"https:\/\/boothurengiethoorn.nl\/de\/wp-json\/wp\/v2\/comments?post=2177"}],"version-history":[{"count":1,"href":"https:\/\/boothurengiethoorn.nl\/de\/wp-json\/wp\/v2\/pages\/2177\/revisions"}],"predecessor-version":[{"id":2179,"href":"https:\/\/boothurengiethoorn.nl\/de\/wp-json\/wp\/v2\/pages\/2177\/revisions\/2179"}],"wp:attachment":[{"href":"https:\/\/boothurengiethoorn.nl\/de\/wp-json\/wp\/v2\/media?parent=2177"}],"curies":[{"name":"wp","href":"https:\/\/api.w.org\/{rel}","templated":true}]}}