{"id":2190,"date":"2025-02-17T11:26:42","date_gmt":"2025-02-17T09:26:42","guid":{"rendered":"https:\/\/boothurengiethoorn.nl\/?page_id=2190"},"modified":"2026-03-02T10:46:05","modified_gmt":"2026-03-02T08:46:05","slug":"schulausflug-kleines-budget","status":"publish","type":"page","link":"https:\/\/boothurengiethoorn.nl\/de\/schulausflug-kleines-budget\/","title":{"rendered":"Schulausflug \/ Kleines Budget"},"content":{"rendered":"<p>Steht der j\u00e4hrliche Schulausflug wieder auf dem Programm? Dann besuchen Sie doch einmal Giethoorn in der Provinz Overijssel. Bei Recreatiebedrijf Geythorn wissen wir genau, wie wir den Tag unvergesslich machen k\u00f6nnen \u2013 sowohl f\u00fcr die Sch\u00fclerinnen und Sch\u00fcler als auch f\u00fcr die Lehrkr\u00e4fte. Das Arrangement besteht aus einer Bootsfahrt in einer echten Gieterse Punter, kombiniert mit einer spannenden R\u00e4tseltour. Am Ende des Tages genie\u00dfen Sie eine k\u00f6stliche Mahlzeit. Haben Sie Fragen zu unserem Arrangement oder m\u00f6chten Sie einen Schulausflug buchen? Kontaktieren Sie uns unter <a href=\"mailto:info@geythorn.nl\">info@geythorn.nl<\/a> oder telefonisch unter <a href=\"tel:+31521361954\">+31 (0)521 361954<\/a>.<\/p>\n<h2>Der Schulausflug ist auch f\u00fcr uns der H\u00f6hepunkt des Schuljahres<\/h2>\n<p>Der H\u00f6hepunkt des Schuljahres war \u2013 und ist \u2013 zweifellos immer noch der j\u00e4hrliche Schulausflug. Manche Schulen planen den Ausflug zu Beginn des Schuljahres, damit sich Sch\u00fclerinnen, Sch\u00fcler und Lehrkr\u00e4fte besser kennenlernen. Andere Schulen sehen den Ausflug eher als Abschluss des Jahres \u2013 der letzte gemeinsame Moment vor den Sommerferien, bevor die Klasse auseinandergeht.<\/p>\n<h2>Schulausflug in Giethoorn, Overijssel<\/h2>\n<p>Giethoorn z\u00e4hlt seit Menschengedenken zu den beliebtesten Zielen f\u00fcr Schulausfl\u00fcge. Die Region im Nordwesten von Overijssel hat f\u00fcr junge G\u00e4ste besonders viel zu bieten. Recreatiebedrijf Geythorn ist seit vielen Jahren ein verl\u00e4sslicher Partner f\u00fcr Schultr\u00e4ger. Wir wissen genau, was ein gelungener Schulausflug beinhalten muss \u2013 schlie\u00dflich waren wir selbst auch einmal jung. Ob Sie nun aus einer gro\u00dfen Stadt im S\u00fcden oder Westen der Niederlande kommen oder aus dem l\u00e4ndlichen Groningen: Unser Programm ist so gestaltet, dass jedes Kind (und jede begleitende Lehrkraft sowie jeder Elternteil!) die Abwechslung und den Spa\u00df genie\u00dft.<\/p>\n<h2>So sieht der Tag aus<\/h2>\n<p>Die Gruppen\/Klassen werden bei Recreatiebedrijf Geythorn empfangen, idyllisch gelegen an der ber\u00fchmten Dorpsgracht von Giethoorn. Egal, ob die Anreise lang oder kurz war: Die Aktivit\u00e4ten beginnen bei uns immer mit etwas Leckerem (Kaffee\/Tee\/Softdrink und einer k\u00f6stlichen Scheibe Krentewegge). Danach erkl\u00e4rt unser begeistertes Team erfahrener Instruktoren, wie man eine echte Gieterse Punter steuert. Anschlie\u00dfend startet die spannende R\u00e4tseltour \u2013 manchmal ist ordentlich Nachdenken gefragt! Nach der Tour und der R\u00fcckgabe der Boote besteht die M\u00f6glichkeit, durch das lebendige Zentrum von Giethoorn zu spazieren. Unterwegs gibt es Gesch\u00e4fte, eine T\u00f6pferei und mehrere Museen, von denen einige sogar kostenlos zug\u00e4nglich sind.<\/p>\n<p>Zur\u00fcck am Ausgangspunkt, Recreatiebedrijf Geythorn, erwartet die \u201eSchulreisenden\u201c eine leckere Mahlzeit. Der perfekte Abschluss eines Tages, \u00fcber den sicher noch lange gesprochen wird!<\/p>\n<h2>Das Programm<\/h2>\n<p><strong>10:00 Uhr<\/strong><br \/>\nEmpfang bei Recreatiebedrijf Geythorn mit Kaffee, Tee oder Softdrink und einer Scheibe Krentewegge. Ein enthusiastisches Team erfahrener Instruktoren zeigt Ihnen alles \u00fcber das Fahren mit einer Punter.<\/p>\n<p><strong>10:30 Uhr<\/strong><br \/>\nStart der R\u00e4tseltour.<\/p>\n<p><strong>13:30 Uhr<\/strong><br \/>\nNach der R\u00fcckgabe der Boote Spaziergang entlang der Grachten und \u00fcber die charakteristischen Br\u00fccken. Unterwegs kommen Sie an einer T\u00f6pferei, Galerie und verschiedenen interessanten Museen vorbei.<\/p>\n<p><strong>15:30 Uhr<\/strong><br \/>\nZur\u00fcck bei Recreatiebedrijf Geythorn erwartet Sie eine k\u00f6stliche Mahlzeit!<\/p>\n<p><strong>Inklusive:<\/strong><\/p>\n<ul>\n<li>Kaffee, Tee oder Softdrink<\/li>\n<li>Eine Scheibe Krentewegge<\/li>\n<li>Punter inklusive Anleitung<\/li>\n<li>Fahrkarte und ausgearbeitete R\u00e4tselroute (inkl. Heft)<\/li>\n<li>Spaziergang durch das Dorf<\/li>\n<li>Schulausflugs-Men\u00fc (Pommes mit Mayonnaise, eine Frikandel oder Kroket und ein Eis zum Nachtisch)<\/li>\n<\/ul>\n<p><strong>Preise ab 10 Personen:<\/strong><\/p>\n<p><strong>Punter:<\/strong><\/p>\n<ul>\n<li>A. \u20ac 13,50 p.P.<\/li>\n<li>B. \u20ac 21,25 p.P. mit Tellermen\u00fc<\/li>\n<\/ul>\n<p><strong>Kajak (max. 3 Personen pro Kajak):<\/strong><\/p>\n<ul>\n<li>A. \u20ac 13,50 p.P.<\/li>\n<li>B. \u20ac 21,25 p.P. mit Tellermen\u00fc<\/li>\n<\/ul>\n<p><strong>Fl\u00fcsterboot (max. 7 Personen pro Boot, max. 2 Stunden Fahrt):<\/strong><\/p>\n<ul>\n<li>A. \u20ac 14,00 p.P.<\/li>\n<li>B. \u20ac 21,75 p.P. mit Tellermen\u00fc<\/li>\n<\/ul>\n<p><strong>Besonderheiten:<\/strong><br \/>\nUhrzeit und Reihenfolge k\u00f6nnen nach Absprache angepasst werden.<\/p>\n<h2>Buchen Sie jetzt Ihren Schulausflug in Overijssel bei Recreatiebedrijf Geythorn<\/h2>\n<p>Sind Sie begeistert von unserem Schulausflugs-Arrangement?<br \/>\nZum Buchen senden Sie eine E-Mail an <a href=\"mailto:info@geythorn.nl\">info@geythorn.nl<\/a> oder rufen Sie an unter <a href=\"tel:+31521361954\">+31 (0)521 361954<\/a>.<\/p>\n","protected":false},"excerpt":{"rendered":"<div class=\"-mb-10 md:-mb-20\"><p>Steht der j\u00e4hrliche Schulausflug wieder auf dem Programm? Dann besuchen Sie doch einmal Giethoorn in der Provinz Overijssel. Bei Recreatiebedrijf Geythorn wissen wir genau, wie wir den Tag unvergesslich machen k\u00f6nnen \u2013 sowohl f\u00fcr die Sch\u00fclerinnen und Sch\u00fcler als auch f\u00fcr die Lehrkr\u00e4fte. Das Arrangement besteht aus einer Bootsfahrt in einer echten Gieterse Punter, kombiniert [&hellip;]<\/p>\n<\/div>","protected":false},"author":2,"featured_media":0,"parent":0,"menu_order":0,"comment_status":"closed","ping_status":"closed","template":"","meta":{"_acf_changed":false,"footnotes":""},"class_list":["post-2190","page","type-page","status-publish","hentry"],"acf":[],"yoast_head":"<!-- This site is optimized with the Yoast SEO plugin v27.5 - https:\/\/yoast.com\/product\/yoast-seo-wordpress\/ -->\n<title>Schulausflug \/ Kleines Budget - Boothuren Giethoorn | Fluisterboot &amp; Sloep Huren in Giethoorn Noord &amp; Midden | Old Giethoorn<\/title>\n<meta name=\"robots\" content=\"index, follow, max-snippet:-1, max-image-preview:large, max-video-preview:-1\" \/>\n<link rel=\"canonical\" href=\"https:\/\/boothurengiethoorn.nl\/de\/schulausflug-kleines-budget\/\" \/>\n<meta property=\"og:locale\" content=\"de_DE\" \/>\n<meta property=\"og:type\" content=\"article\" \/>\n<meta property=\"og:title\" content=\"Schulausflug \/ Kleines Budget - Boothuren Giethoorn | Fluisterboot &amp; Sloep Huren in Giethoorn Noord &amp; Midden | Old Giethoorn\" \/>\n<meta property=\"og:description\" content=\"Steht der j\u00e4hrliche Schulausflug wieder auf dem Programm? Dann besuchen Sie doch einmal Giethoorn in der Provinz Overijssel. Bei Recreatiebedrijf Geythorn wissen wir genau, wie wir den Tag unvergesslich machen k\u00f6nnen \u2013 sowohl f\u00fcr die Sch\u00fclerinnen und Sch\u00fcler als auch f\u00fcr die Lehrkr\u00e4fte. Das Arrangement besteht aus einer Bootsfahrt in einer echten Gieterse Punter, kombiniert [&hellip;]\" \/>\n<meta property=\"og:url\" content=\"https:\/\/boothurengiethoorn.nl\/de\/schulausflug-kleines-budget\/\" \/>\n<meta property=\"og:site_name\" content=\"Boothuren Giethoorn | Fluisterboot &amp; Sloep Huren in Giethoorn Noord &amp; Midden | Old Giethoorn\" \/>\n<meta property=\"article:modified_time\" content=\"2026-03-02T08:46:05+00:00\" \/>\n<meta name=\"twitter:card\" content=\"summary_large_image\" \/>\n<meta name=\"twitter:label1\" content=\"Gesch\u00e4tzte Lesezeit\" \/>\n\t<meta name=\"twitter:data1\" content=\"3\u00a0Minuten\" \/>\n<script type=\"application\/ld+json\" class=\"yoast-schema-graph\">{\"@context\":\"https:\\\/\\\/schema.org\",\"@graph\":[{\"@type\":\"WebPage\",\"@id\":\"https:\\\/\\\/boothurengiethoorn.nl\\\/de\\\/schulausflug-kleines-budget\\\/\",\"url\":\"https:\\\/\\\/boothurengiethoorn.nl\\\/de\\\/schulausflug-kleines-budget\\\/\",\"name\":\"Schulausflug \\\/ Kleines Budget - Boothuren Giethoorn | Fluisterboot &amp; Sloep Huren in Giethoorn Noord &amp; Midden | Old Giethoorn\",\"isPartOf\":{\"@id\":\"https:\\\/\\\/boothurengiethoorn.nl\\\/de\\\/#website\"},\"datePublished\":\"2025-02-17T09:26:42+00:00\",\"dateModified\":\"2026-03-02T08:46:05+00:00\",\"breadcrumb\":{\"@id\":\"https:\\\/\\\/boothurengiethoorn.nl\\\/de\\\/schulausflug-kleines-budget\\\/#breadcrumb\"},\"inLanguage\":\"de\",\"potentialAction\":[{\"@type\":\"ReadAction\",\"target\":[\"https:\\\/\\\/boothurengiethoorn.nl\\\/de\\\/schulausflug-kleines-budget\\\/\"]}]},{\"@type\":\"BreadcrumbList\",\"@id\":\"https:\\\/\\\/boothurengiethoorn.nl\\\/de\\\/schulausflug-kleines-budget\\\/#breadcrumb\",\"itemListElement\":[{\"@type\":\"ListItem\",\"position\":1,\"name\":\"Home\",\"item\":\"https:\\\/\\\/boothurengiethoorn.nl\\\/de\\\/\"},{\"@type\":\"ListItem\",\"position\":2,\"name\":\"Schulausflug \\\/ Kleines Budget\"}]},{\"@type\":\"WebSite\",\"@id\":\"https:\\\/\\\/boothurengiethoorn.nl\\\/de\\\/#website\",\"url\":\"https:\\\/\\\/boothurengiethoorn.nl\\\/de\\\/\",\"name\":\"Boothuren Giethoorn | Fluisterboot &amp; Sloep Huren in Giethoorn Noord &amp; Midden | Old Giethoorn\",\"description\":\"\",\"publisher\":{\"@id\":\"https:\\\/\\\/boothurengiethoorn.nl\\\/de\\\/#organization\"},\"potentialAction\":[{\"@type\":\"SearchAction\",\"target\":{\"@type\":\"EntryPoint\",\"urlTemplate\":\"https:\\\/\\\/boothurengiethoorn.nl\\\/de\\\/?s={search_term_string}\"},\"query-input\":{\"@type\":\"PropertyValueSpecification\",\"valueRequired\":true,\"valueName\":\"search_term_string\"}}],\"inLanguage\":\"de\"},{\"@type\":\"Organization\",\"@id\":\"https:\\\/\\\/boothurengiethoorn.nl\\\/de\\\/#organization\",\"name\":\"Boothuren Giethoorn | Fluisterboot &amp; Sloep Huren in Giethoorn Noord &amp; Midden | Old Giethoorn\",\"url\":\"https:\\\/\\\/boothurengiethoorn.nl\\\/de\\\/\",\"logo\":{\"@type\":\"ImageObject\",\"inLanguage\":\"de\",\"@id\":\"https:\\\/\\\/boothurengiethoorn.nl\\\/de\\\/#\\\/schema\\\/logo\\\/image\\\/\",\"url\":\"https:\\\/\\\/boothurengiethoorn.nl\\\/wp-content\\\/uploads\\\/2025\\\/01\\\/homebutton.svg\",\"contentUrl\":\"https:\\\/\\\/boothurengiethoorn.nl\\\/wp-content\\\/uploads\\\/2025\\\/01\\\/homebutton.svg\",\"caption\":\"Boothuren Giethoorn | Fluisterboot &amp; Sloep Huren in Giethoorn Noord &amp; Midden | Old Giethoorn\"},\"image\":{\"@id\":\"https:\\\/\\\/boothurengiethoorn.nl\\\/de\\\/#\\\/schema\\\/logo\\\/image\\\/\"}}]}<\/script>\n<!-- \/ Yoast SEO plugin. -->","yoast_head_json":{"title":"Schulausflug \/ Kleines Budget - Boothuren Giethoorn | Fluisterboot &amp; Sloep Huren in Giethoorn Noord &amp; Midden | Old Giethoorn","robots":{"index":"index","follow":"follow","max-snippet":"max-snippet:-1","max-image-preview":"max-image-preview:large","max-video-preview":"max-video-preview:-1"},"canonical":"https:\/\/boothurengiethoorn.nl\/de\/schulausflug-kleines-budget\/","og_locale":"de_DE","og_type":"article","og_title":"Schulausflug \/ Kleines Budget - Boothuren Giethoorn | Fluisterboot &amp; Sloep Huren in Giethoorn Noord &amp; Midden | Old Giethoorn","og_description":"Steht der j\u00e4hrliche Schulausflug wieder auf dem Programm? Dann besuchen Sie doch einmal Giethoorn in der Provinz Overijssel. Bei Recreatiebedrijf Geythorn wissen wir genau, wie wir den Tag unvergesslich machen k\u00f6nnen \u2013 sowohl f\u00fcr die Sch\u00fclerinnen und Sch\u00fcler als auch f\u00fcr die Lehrkr\u00e4fte. Das Arrangement besteht aus einer Bootsfahrt in einer echten Gieterse Punter, kombiniert [&hellip;]","og_url":"https:\/\/boothurengiethoorn.nl\/de\/schulausflug-kleines-budget\/","og_site_name":"Boothuren Giethoorn | Fluisterboot &amp; Sloep Huren in Giethoorn Noord &amp; Midden | Old Giethoorn","article_modified_time":"2026-03-02T08:46:05+00:00","twitter_card":"summary_large_image","twitter_misc":{"Gesch\u00e4tzte Lesezeit":"3\u00a0Minuten"},"schema":{"@context":"https:\/\/schema.org","@graph":[{"@type":"WebPage","@id":"https:\/\/boothurengiethoorn.nl\/de\/schulausflug-kleines-budget\/","url":"https:\/\/boothurengiethoorn.nl\/de\/schulausflug-kleines-budget\/","name":"Schulausflug \/ Kleines Budget - Boothuren Giethoorn | Fluisterboot &amp; Sloep Huren in Giethoorn Noord &amp; Midden | Old Giethoorn","isPartOf":{"@id":"https:\/\/boothurengiethoorn.nl\/de\/#website"},"datePublished":"2025-02-17T09:26:42+00:00","dateModified":"2026-03-02T08:46:05+00:00","breadcrumb":{"@id":"https:\/\/boothurengiethoorn.nl\/de\/schulausflug-kleines-budget\/#breadcrumb"},"inLanguage":"de","potentialAction":[{"@type":"ReadAction","target":["https:\/\/boothurengiethoorn.nl\/de\/schulausflug-kleines-budget\/"]}]},{"@type":"BreadcrumbList","@id":"https:\/\/boothurengiethoorn.nl\/de\/schulausflug-kleines-budget\/#breadcrumb","itemListElement":[{"@type":"ListItem","position":1,"name":"Home","item":"https:\/\/boothurengiethoorn.nl\/de\/"},{"@type":"ListItem","position":2,"name":"Schulausflug \/ Kleines Budget"}]},{"@type":"WebSite","@id":"https:\/\/boothurengiethoorn.nl\/de\/#website","url":"https:\/\/boothurengiethoorn.nl\/de\/","name":"Boothuren Giethoorn | Fluisterboot &amp; Sloep Huren in Giethoorn Noord &amp; Midden | Old Giethoorn","description":"","publisher":{"@id":"https:\/\/boothurengiethoorn.nl\/de\/#organization"},"potentialAction":[{"@type":"SearchAction","target":{"@type":"EntryPoint","urlTemplate":"https:\/\/boothurengiethoorn.nl\/de\/?s={search_term_string}"},"query-input":{"@type":"PropertyValueSpecification","valueRequired":true,"valueName":"search_term_string"}}],"inLanguage":"de"},{"@type":"Organization","@id":"https:\/\/boothurengiethoorn.nl\/de\/#organization","name":"Boothuren Giethoorn | Fluisterboot &amp; Sloep Huren in Giethoorn Noord &amp; Midden | Old Giethoorn","url":"https:\/\/boothurengiethoorn.nl\/de\/","logo":{"@type":"ImageObject","inLanguage":"de","@id":"https:\/\/boothurengiethoorn.nl\/de\/#\/schema\/logo\/image\/","url":"https:\/\/boothurengiethoorn.nl\/wp-content\/uploads\/2025\/01\/homebutton.svg","contentUrl":"https:\/\/boothurengiethoorn.nl\/wp-content\/uploads\/2025\/01\/homebutton.svg","caption":"Boothuren Giethoorn | Fluisterboot &amp; Sloep Huren in Giethoorn Noord &amp; Midden | Old Giethoorn"},"image":{"@id":"https:\/\/boothurengiethoorn.nl\/de\/#\/schema\/logo\/image\/"}}]}},"_links":{"self":[{"href":"https:\/\/boothurengiethoorn.nl\/de\/wp-json\/wp\/v2\/pages\/2190","targetHints":{"allow":["GET"]}}],"collection":[{"href":"https:\/\/boothurengiethoorn.nl\/de\/wp-json\/wp\/v2\/pages"}],"about":[{"href":"https:\/\/boothurengiethoorn.nl\/de\/wp-json\/wp\/v2\/types\/page"}],"author":[{"embeddable":true,"href":"https:\/\/boothurengiethoorn.nl\/de\/wp-json\/wp\/v2\/users\/2"}],"replies":[{"embeddable":true,"href":"https:\/\/boothurengiethoorn.nl\/de\/wp-json\/wp\/v2\/comments?post=2190"}],"version-history":[{"count":2,"href":"https:\/\/boothurengiethoorn.nl\/de\/wp-json\/wp\/v2\/pages\/2190\/revisions"}],"predecessor-version":[{"id":2194,"href":"https:\/\/boothurengiethoorn.nl\/de\/wp-json\/wp\/v2\/pages\/2190\/revisions\/2194"}],"wp:attachment":[{"href":"https:\/\/boothurengiethoorn.nl\/de\/wp-json\/wp\/v2\/media?parent=2190"}],"curies":[{"name":"wp","href":"https:\/\/api.w.org\/{rel}","templated":true}]}}