{"id":2620,"date":"2026-04-02T15:05:41","date_gmt":"2026-04-02T13:05:41","guid":{"rendered":"https:\/\/boothurengiethoorn.nl\/?page_id=2620"},"modified":"2026-04-02T15:05:41","modified_gmt":"2026-04-02T13:05:41","slug":"restaurant-giethoorn-2","status":"publish","type":"page","link":"https:\/\/boothurengiethoorn.nl\/de\/restaurant-giethoorn-2\/","title":{"rendered":"Restaurant Giethoorn"},"content":{"rendered":"<p>Zwischendurch mit dem Boot f\u00fcr einen leckeren Nachmittagssnack anlegen oder den Tag wunderbar bei Recreatiebedrijf Geythorn ausklingen lassen? Besuchen Sie uns am Binnenpad 42 in Giethoorn und genie\u00dfen Sie eine k\u00f6stliche Tasse Kaffee oder ein schmackhaftes Gericht. Wir servieren Ihnen gerne eine leckere Mahlzeit, damit Sie nach einem Tag voller Lachen und Freude wieder neue Energie tanken k\u00f6nnen.<\/p>\n<h2>Vielseitiges Restaurant in Giethoorn<\/h2>\n<p>Geythorn in Giethoorn ist vielseitig und kann Ihre Ern\u00e4hrungsw\u00fcnsche ber\u00fccksichtigen, wie vegetarische Gerichte und Allergien, darunter Gluten- und Laktoseunvertr\u00e4glichkeit. Sehen Sie sich direkt unsere <a href=\"https:\/\/www.boothurengiethoorn.nl\/menukaart\">Speisekarte<\/a> an.<\/p>\n<h2>Kombinieren Sie eines unserer Arrangements mit einer k\u00f6stlichen Mahlzeit<\/h2>\n<p>Recreatiebedrijf Geythorn bietet verschiedene Arrangements, mit denen Sie m\u00fchelos einen ganzen Tag f\u00fcllen k\u00f6nnen. Unsere Pakete sind ideal f\u00fcr Schulausfl\u00fcge, Firmenausfl\u00fcge oder Feiern. Verbringen Sie den ganzen Tag auf dem Wasser und lassen Sie den Tag anschlie\u00dfend in unserer Cafeteria mit einem Tellermen\u00fc oder anderen leckeren Produkten ausklingen.<\/p>\n<p>Sehen Sie sich unsere <a href=\"https:\/\/www.boothurengiethoorn.nl\/arrangementen-giethoorn\">Arrangements<\/a> an oder nehmen Sie <a href=\"https:\/\/www.boothurengiethoorn.nl\/contact\">Kontakt<\/a> zu uns auf, um sich beraten zu lassen.<\/p>\n<h2>Genie\u00dfen Sie unser k\u00f6stliches Softeis<\/h2>\n<p>Jeder hat seine eigene Art, ein sch\u00f6nes Abendessen abzuschlie\u00dfen. Ob Sie nun gerne eine Tasse Kaffee oder einen Dame Blanche bestellen \u2013 unsere Cafeteria serviert das leckerste Softeis mit einer riesigen Auswahl an Toppings, die Ihr Eis noch unwiderstehlicher machen.<\/p>\n<h2>Kontakt<\/h2>\n<p>Haben Sie Fragen zu unserer Speisekarte oder m\u00f6chten Sie direkt ein Arrangement buchen? Kontaktieren Sie uns gerne telefonisch unter <a href=\"tel:0521361954\">0521 361 954<\/a> oder per E-Mail an <a href=\"mailto:info@geythorn.nl\"><strong>info@geythorn.nl<\/strong><\/a>. Wir beantworten Ihre Fragen gerne oder besprechen die M\u00f6glichkeiten f\u00fcr Ihr Essen.<\/p>\n","protected":false},"excerpt":{"rendered":"<div class=\"-mb-10 md:-mb-20\"><p>Zwischendurch mit dem Boot f\u00fcr einen leckeren Nachmittagssnack anlegen oder den Tag wunderbar bei Recreatiebedrijf Geythorn ausklingen lassen? Besuchen Sie uns am Binnenpad 42 in Giethoorn und genie\u00dfen Sie eine k\u00f6stliche Tasse Kaffee oder ein schmackhaftes Gericht. Wir servieren Ihnen gerne eine leckere Mahlzeit, damit Sie nach einem Tag voller Lachen und Freude wieder neue [&hellip;]<\/p>\n<\/div>","protected":false},"author":2,"featured_media":0,"parent":0,"menu_order":0,"comment_status":"closed","ping_status":"closed","template":"","meta":{"_acf_changed":false,"footnotes":""},"class_list":["post-2620","page","type-page","status-publish","hentry"],"acf":[],"yoast_head":"<!-- This site is optimized with the Yoast SEO plugin v27.5 - https:\/\/yoast.com\/product\/yoast-seo-wordpress\/ -->\n<title>Restaurant Giethoorn - Boothuren Giethoorn | Fluisterboot &amp; Sloep Huren in Giethoorn Noord &amp; Midden | Old Giethoorn<\/title>\n<meta name=\"robots\" content=\"index, follow, max-snippet:-1, max-image-preview:large, max-video-preview:-1\" \/>\n<link rel=\"canonical\" href=\"https:\/\/boothurengiethoorn.nl\/de\/restaurant-giethoorn-2\/\" \/>\n<meta property=\"og:locale\" content=\"de_DE\" \/>\n<meta property=\"og:type\" content=\"article\" \/>\n<meta property=\"og:title\" content=\"Restaurant Giethoorn - Boothuren Giethoorn | Fluisterboot &amp; Sloep Huren in Giethoorn Noord &amp; Midden | Old Giethoorn\" \/>\n<meta property=\"og:description\" content=\"Zwischendurch mit dem Boot f\u00fcr einen leckeren Nachmittagssnack anlegen oder den Tag wunderbar bei Recreatiebedrijf Geythorn ausklingen lassen? Besuchen Sie uns am Binnenpad 42 in Giethoorn und genie\u00dfen Sie eine k\u00f6stliche Tasse Kaffee oder ein schmackhaftes Gericht. Wir servieren Ihnen gerne eine leckere Mahlzeit, damit Sie nach einem Tag voller Lachen und Freude wieder neue [&hellip;]\" \/>\n<meta property=\"og:url\" content=\"https:\/\/boothurengiethoorn.nl\/de\/restaurant-giethoorn-2\/\" \/>\n<meta property=\"og:site_name\" content=\"Boothuren Giethoorn | Fluisterboot &amp; Sloep Huren in Giethoorn Noord &amp; Midden | Old Giethoorn\" \/>\n<meta name=\"twitter:card\" content=\"summary_large_image\" \/>\n<meta name=\"twitter:label1\" content=\"Gesch\u00e4tzte Lesezeit\" \/>\n\t<meta name=\"twitter:data1\" content=\"2\u00a0Minuten\" \/>\n<script type=\"application\/ld+json\" class=\"yoast-schema-graph\">{\"@context\":\"https:\\\/\\\/schema.org\",\"@graph\":[{\"@type\":\"WebPage\",\"@id\":\"https:\\\/\\\/boothurengiethoorn.nl\\\/de\\\/restaurant-giethoorn-2\\\/\",\"url\":\"https:\\\/\\\/boothurengiethoorn.nl\\\/de\\\/restaurant-giethoorn-2\\\/\",\"name\":\"Restaurant Giethoorn - Boothuren Giethoorn | Fluisterboot &amp; Sloep Huren in Giethoorn Noord &amp; Midden | Old Giethoorn\",\"isPartOf\":{\"@id\":\"https:\\\/\\\/boothurengiethoorn.nl\\\/de\\\/#website\"},\"datePublished\":\"2026-04-02T13:05:41+00:00\",\"breadcrumb\":{\"@id\":\"https:\\\/\\\/boothurengiethoorn.nl\\\/de\\\/restaurant-giethoorn-2\\\/#breadcrumb\"},\"inLanguage\":\"de\",\"potentialAction\":[{\"@type\":\"ReadAction\",\"target\":[\"https:\\\/\\\/boothurengiethoorn.nl\\\/de\\\/restaurant-giethoorn-2\\\/\"]}]},{\"@type\":\"BreadcrumbList\",\"@id\":\"https:\\\/\\\/boothurengiethoorn.nl\\\/de\\\/restaurant-giethoorn-2\\\/#breadcrumb\",\"itemListElement\":[{\"@type\":\"ListItem\",\"position\":1,\"name\":\"Home\",\"item\":\"https:\\\/\\\/boothurengiethoorn.nl\\\/de\\\/\"},{\"@type\":\"ListItem\",\"position\":2,\"name\":\"Restaurant Giethoorn\"}]},{\"@type\":\"WebSite\",\"@id\":\"https:\\\/\\\/boothurengiethoorn.nl\\\/de\\\/#website\",\"url\":\"https:\\\/\\\/boothurengiethoorn.nl\\\/de\\\/\",\"name\":\"Boothuren Giethoorn | Fluisterboot &amp; Sloep Huren in Giethoorn Noord &amp; Midden | Old Giethoorn\",\"description\":\"\",\"publisher\":{\"@id\":\"https:\\\/\\\/boothurengiethoorn.nl\\\/de\\\/#organization\"},\"potentialAction\":[{\"@type\":\"SearchAction\",\"target\":{\"@type\":\"EntryPoint\",\"urlTemplate\":\"https:\\\/\\\/boothurengiethoorn.nl\\\/de\\\/?s={search_term_string}\"},\"query-input\":{\"@type\":\"PropertyValueSpecification\",\"valueRequired\":true,\"valueName\":\"search_term_string\"}}],\"inLanguage\":\"de\"},{\"@type\":\"Organization\",\"@id\":\"https:\\\/\\\/boothurengiethoorn.nl\\\/de\\\/#organization\",\"name\":\"Boothuren Giethoorn | Fluisterboot &amp; Sloep Huren in Giethoorn Noord &amp; Midden | Old Giethoorn\",\"url\":\"https:\\\/\\\/boothurengiethoorn.nl\\\/de\\\/\",\"logo\":{\"@type\":\"ImageObject\",\"inLanguage\":\"de\",\"@id\":\"https:\\\/\\\/boothurengiethoorn.nl\\\/de\\\/#\\\/schema\\\/logo\\\/image\\\/\",\"url\":\"https:\\\/\\\/boothurengiethoorn.nl\\\/wp-content\\\/uploads\\\/2025\\\/01\\\/homebutton.svg\",\"contentUrl\":\"https:\\\/\\\/boothurengiethoorn.nl\\\/wp-content\\\/uploads\\\/2025\\\/01\\\/homebutton.svg\",\"caption\":\"Boothuren Giethoorn | Fluisterboot &amp; Sloep Huren in Giethoorn Noord &amp; Midden | Old Giethoorn\"},\"image\":{\"@id\":\"https:\\\/\\\/boothurengiethoorn.nl\\\/de\\\/#\\\/schema\\\/logo\\\/image\\\/\"}}]}<\/script>\n<!-- \/ Yoast SEO plugin. -->","yoast_head_json":{"title":"Restaurant Giethoorn - Boothuren Giethoorn | Fluisterboot &amp; Sloep Huren in Giethoorn Noord &amp; Midden | Old Giethoorn","robots":{"index":"index","follow":"follow","max-snippet":"max-snippet:-1","max-image-preview":"max-image-preview:large","max-video-preview":"max-video-preview:-1"},"canonical":"https:\/\/boothurengiethoorn.nl\/de\/restaurant-giethoorn-2\/","og_locale":"de_DE","og_type":"article","og_title":"Restaurant Giethoorn - Boothuren Giethoorn | Fluisterboot &amp; Sloep Huren in Giethoorn Noord &amp; Midden | Old Giethoorn","og_description":"Zwischendurch mit dem Boot f\u00fcr einen leckeren Nachmittagssnack anlegen oder den Tag wunderbar bei Recreatiebedrijf Geythorn ausklingen lassen? Besuchen Sie uns am Binnenpad 42 in Giethoorn und genie\u00dfen Sie eine k\u00f6stliche Tasse Kaffee oder ein schmackhaftes Gericht. Wir servieren Ihnen gerne eine leckere Mahlzeit, damit Sie nach einem Tag voller Lachen und Freude wieder neue [&hellip;]","og_url":"https:\/\/boothurengiethoorn.nl\/de\/restaurant-giethoorn-2\/","og_site_name":"Boothuren Giethoorn | Fluisterboot &amp; Sloep Huren in Giethoorn Noord &amp; Midden | Old Giethoorn","twitter_card":"summary_large_image","twitter_misc":{"Gesch\u00e4tzte Lesezeit":"2\u00a0Minuten"},"schema":{"@context":"https:\/\/schema.org","@graph":[{"@type":"WebPage","@id":"https:\/\/boothurengiethoorn.nl\/de\/restaurant-giethoorn-2\/","url":"https:\/\/boothurengiethoorn.nl\/de\/restaurant-giethoorn-2\/","name":"Restaurant Giethoorn - Boothuren Giethoorn | Fluisterboot &amp; Sloep Huren in Giethoorn Noord &amp; Midden | Old Giethoorn","isPartOf":{"@id":"https:\/\/boothurengiethoorn.nl\/de\/#website"},"datePublished":"2026-04-02T13:05:41+00:00","breadcrumb":{"@id":"https:\/\/boothurengiethoorn.nl\/de\/restaurant-giethoorn-2\/#breadcrumb"},"inLanguage":"de","potentialAction":[{"@type":"ReadAction","target":["https:\/\/boothurengiethoorn.nl\/de\/restaurant-giethoorn-2\/"]}]},{"@type":"BreadcrumbList","@id":"https:\/\/boothurengiethoorn.nl\/de\/restaurant-giethoorn-2\/#breadcrumb","itemListElement":[{"@type":"ListItem","position":1,"name":"Home","item":"https:\/\/boothurengiethoorn.nl\/de\/"},{"@type":"ListItem","position":2,"name":"Restaurant Giethoorn"}]},{"@type":"WebSite","@id":"https:\/\/boothurengiethoorn.nl\/de\/#website","url":"https:\/\/boothurengiethoorn.nl\/de\/","name":"Boothuren Giethoorn | Fluisterboot &amp; Sloep Huren in Giethoorn Noord &amp; Midden | Old Giethoorn","description":"","publisher":{"@id":"https:\/\/boothurengiethoorn.nl\/de\/#organization"},"potentialAction":[{"@type":"SearchAction","target":{"@type":"EntryPoint","urlTemplate":"https:\/\/boothurengiethoorn.nl\/de\/?s={search_term_string}"},"query-input":{"@type":"PropertyValueSpecification","valueRequired":true,"valueName":"search_term_string"}}],"inLanguage":"de"},{"@type":"Organization","@id":"https:\/\/boothurengiethoorn.nl\/de\/#organization","name":"Boothuren Giethoorn | Fluisterboot &amp; Sloep Huren in Giethoorn Noord &amp; Midden | Old Giethoorn","url":"https:\/\/boothurengiethoorn.nl\/de\/","logo":{"@type":"ImageObject","inLanguage":"de","@id":"https:\/\/boothurengiethoorn.nl\/de\/#\/schema\/logo\/image\/","url":"https:\/\/boothurengiethoorn.nl\/wp-content\/uploads\/2025\/01\/homebutton.svg","contentUrl":"https:\/\/boothurengiethoorn.nl\/wp-content\/uploads\/2025\/01\/homebutton.svg","caption":"Boothuren Giethoorn | Fluisterboot &amp; Sloep Huren in Giethoorn Noord &amp; Midden | Old Giethoorn"},"image":{"@id":"https:\/\/boothurengiethoorn.nl\/de\/#\/schema\/logo\/image\/"}}]}},"_links":{"self":[{"href":"https:\/\/boothurengiethoorn.nl\/de\/wp-json\/wp\/v2\/pages\/2620","targetHints":{"allow":["GET"]}}],"collection":[{"href":"https:\/\/boothurengiethoorn.nl\/de\/wp-json\/wp\/v2\/pages"}],"about":[{"href":"https:\/\/boothurengiethoorn.nl\/de\/wp-json\/wp\/v2\/types\/page"}],"author":[{"embeddable":true,"href":"https:\/\/boothurengiethoorn.nl\/de\/wp-json\/wp\/v2\/users\/2"}],"replies":[{"embeddable":true,"href":"https:\/\/boothurengiethoorn.nl\/de\/wp-json\/wp\/v2\/comments?post=2620"}],"version-history":[{"count":1,"href":"https:\/\/boothurengiethoorn.nl\/de\/wp-json\/wp\/v2\/pages\/2620\/revisions"}],"predecessor-version":[{"id":2622,"href":"https:\/\/boothurengiethoorn.nl\/de\/wp-json\/wp\/v2\/pages\/2620\/revisions\/2622"}],"wp:attachment":[{"href":"https:\/\/boothurengiethoorn.nl\/de\/wp-json\/wp\/v2\/media?parent=2620"}],"curies":[{"name":"wp","href":"https:\/\/api.w.org\/{rel}","templated":true}]}}